{"id":547,"date":"2016-06-05T18:28:17","date_gmt":"2016-06-05T17:28:17","guid":{"rendered":"https:\/\/roma-bella.com\/es\/?page_id=547"},"modified":"2024-07-17T11:18:54","modified_gmt":"2024-07-17T10:18:54","slug":"roma-en-vespa","status":"publish","type":"page","link":"https:\/\/roma-bella.com\/es\/tours\/roma-en-vespa\/","title":{"rendered":"Roma en Vespa"},"content":{"rendered":"<p><div class=\"et_d4_element et_pb_section et_pb_section_0  et_pb_css_mix_blend_mode et_section_regular et_block_section\" >\n\t\t\t\t\n\t\t\t\t\n\t\t\t\t\n\t\t\t\t\n\t\t\t\t\n\t\t\t\t\n\t\t\t\t<div class=\"et_d4_element et_pb_row et_pb_row_0  et_pb_css_mix_blend_mode et_block_row\">\n\t\t\t\t<div class=\"et_d4_element et_pb_column_4_4 et_pb_column et_pb_column_0  et_pb_css_mix_blend_mode et-last-child et_block_column\">\n\t\t\t\t\n\t\t\t\t\n\t\t\t\t\n\t\t\t\t\n\t\t\t\t<div class=\"et_pb_module et_d4_element et_pb_text et_pb_text_0  et_pb_text_align_left et_pb_bg_layout_light\">\n\t\t\t\t\n\t\t\t\t\n\t\t\t\t\n\t\t\t\t\n\t\t\t\t<div class=\"et_pb_text_inner\"><h1>ROMA EN UNA VESPA<\/h1><\/div>\n\t\t\t<\/div>\n\t\t\t<\/div>\n\t\t\t\t\n\t\t\t\t\n\t\t\t\t\n\t\t\t\t\n\t\t\t<\/div><div class=\"et_d4_element et_pb_row et_pb_row_1  et_pb_css_mix_blend_mode et_block_row\">\n\t\t\t\t<div class=\"et_d4_element et_pb_column_1_2 et_pb_column et_pb_column_1  et_pb_css_mix_blend_mode et_block_column\">\n\t\t\t\t\n\t\t\t\t\n\t\t\t\t\n\t\t\t\t\n\t\t\t\t<div class=\"et_pb_module et_d4_element et_pb_divider_0 et_pb_space et_pb_divider_hidden\"><div class=\"et_pb_divider_internal\"><\/div><\/div><div class=\"et_pb_module et_d4_element et_pb_image et_pb_image_0 et_animated et-waypoint\">\n\t\t\t\t\n\t\t\t\t\n\t\t\t\t\n\t\t\t\t\n\t\t\t\t<span class=\"et_pb_image_wrap \"><img loading=\"lazy\" decoding=\"async\" width=\"800\" height=\"600\" src=\"https:\/\/roma-bella.com\/wp-content\/uploads\/2016\/03\/scooter-tour.jpg\" alt=\"\" title=\"\" srcset=\"https:\/\/roma-bella.com\/wp-content\/uploads\/2016\/03\/scooter-tour.jpg 800w, https:\/\/roma-bella.com\/wp-content\/uploads\/2016\/03\/scooter-tour-300x225.jpg 300w, https:\/\/roma-bella.com\/wp-content\/uploads\/2016\/03\/scooter-tour-768x576.jpg 768w\" sizes=\"(max-width: 800px) 100vw, 800px\" class=\"wp-image-276\" \/><\/span>\n\t\t\t<\/div>\n\t\t\t<\/div><div class=\"et_d4_element et_pb_column_1_2 et_pb_column et_pb_column_2  et_pb_css_mix_blend_mode et-last-child et_block_column\">\n\t\t\t\t\n\t\t\t\t\n\t\t\t\t\n\t\t\t\t\n\t\t\t\t<div class=\"et_pb_module et_d4_element et_pb_text et_pb_text_1  et_pb_text_align_left et_pb_bg_layout_light\">\n\t\t\t\t\n\t\t\t\t\n\t\t\t\t\n\t\t\t\t\n\t\t\t\t<div class=\"et_pb_text_inner\"><div class=\"col_1_3\" style=\"text-align: justify;\">\n<h1>LAS 7 COLINAS DE ROMA<\/h1>\n<p>En el siglo VIII a.C algunos pastores y campesinos viv\u00edan en 4 de las 7 colinas. A medida que la poblaci\u00f3n fue aumentando, fueron ocupados los valles para crear los Foros y posteriormente la planicie norte donde construyeron una Roma monumental. Nuestro tour en motorino seguir\u00e1 esta evoluci\u00f3n, comenzando por la colina del\u00a0<strong>Quirinal<\/strong>, para llegar delante del\u00a0<strong>Capitolio<\/strong>, donde dejaremos las motos por algunos minutos, para subir por la cordonata de la Plaza del Campidoglio dise\u00f1ada por Miguel Angel y observar los restos del<strong>Foro Romano<\/strong>, desde lo alto de la colina.<br \/>\nEl recorrido sigue con la colina del<strong>Esquilino<\/strong>, donde paramos para observar y fotografiar el monumento m\u00e1s emblem\u00e1tico de Roma: el\u00a0<strong>Coliseo<\/strong>. Continuamos viajando en dos ruedas entre otras dos colinas:\u00a0<strong>Celio y Palatino<\/strong>para llegar a las\u00a0<strong>Termas de Caracalla<\/strong>, la muralla Aureliana (siglo III) y a una de las 16 puertas de los caminos que que llegaban a Roma.<br \/>\nSubimos al\u00a0<strong>Aventino<\/strong>, desde el cual observaremos el\u00a0<strong>Circo M\u00e1ximo<\/strong>\u00a0y los restos de la\u00a0<strong>Domus Augustana<\/strong>\u00a0sobre el Palatino.<br \/>\nCruzamos el r\u00edo Tiber y ascendemos el <strong>Gianicolo<\/strong>, una de las colinas de acceso a Roma, pero no parte de las 7 colinas. Desde la plaza dedicada a Garibaldi podremos admirar una de las vistas m\u00e1s espectaculares y estrepitosas de la Roma hist\u00f3rica.<\/p>\n<\/div><\/div>\n\t\t\t<\/div>\n\t\t\t<\/div>\n\t\t\t\t\n\t\t\t\t\n\t\t\t\t\n\t\t\t\t\n\t\t\t<\/div><div class=\"et_d4_element et_pb_row et_pb_row_2  et_pb_css_mix_blend_mode et_block_row\">\n\t\t\t\t<div class=\"et_d4_element et_pb_column_4_4 et_pb_column et_pb_column_3  et_pb_css_mix_blend_mode et-last-child et_block_column\">\n\t\t\t\t\n\t\t\t\t\n\t\t\t\t\n\t\t\t\t\n\t\t\t\t<div class=\"et_pb_module et_d4_element et_pb_divider et_pb_divider_1 et_pb_space\"><div class=\"et_pb_divider_internal\"><\/div><\/div>\n\t\t\t<\/div>\n\t\t\t\t\n\t\t\t\t\n\t\t\t\t\n\t\t\t\t\n\t\t\t<\/div><div class=\"et_d4_element et_pb_row et_pb_row_3  et_pb_css_mix_blend_mode et_block_row\">\n\t\t\t\t<div class=\"et_d4_element et_pb_column_1_2 et_pb_column et_pb_column_4  et_pb_css_mix_blend_mode et_block_column\">\n\t\t\t\t\n\t\t\t\t\n\t\t\t\t\n\t\t\t\t\n\t\t\t\t<div class=\"et_pb_module et_d4_element et_pb_divider_2 et_pb_space et_pb_divider_hidden\"><div class=\"et_pb_divider_internal\"><\/div><\/div><div class=\"et_pb_module et_d4_element et_pb_image et_pb_image_1 et_animated et-waypoint\">\n\t\t\t\t\n\t\t\t\t\n\t\t\t\t\n\t\t\t\t\n\t\t\t\t<span class=\"et_pb_image_wrap \"><img loading=\"lazy\" decoding=\"async\" width=\"800\" height=\"600\" src=\"https:\/\/roma-bella.com\/wp-content\/uploads\/2016\/03\/shore-tour.jpg\" alt=\"\" title=\"\" srcset=\"https:\/\/roma-bella.com\/wp-content\/uploads\/2016\/03\/shore-tour.jpg 800w, https:\/\/roma-bella.com\/wp-content\/uploads\/2016\/03\/shore-tour-300x225.jpg 300w, https:\/\/roma-bella.com\/wp-content\/uploads\/2016\/03\/shore-tour-768x576.jpg 768w\" sizes=\"(max-width: 800px) 100vw, 800px\" class=\"wp-image-277\" \/><\/span>\n\t\t\t<\/div>\n\t\t\t<\/div><div class=\"et_d4_element et_pb_column_1_2 et_pb_column et_pb_column_5  et_pb_css_mix_blend_mode et-last-child et_block_column\">\n\t\t\t\t\n\t\t\t\t\n\t\t\t\t\n\t\t\t\t\n\t\t\t\t<div class=\"et_pb_module et_d4_element et_pb_text et_pb_text_2  et_pb_text_align_left et_pb_bg_layout_light\">\n\t\t\t\t\n\t\t\t\t\n\t\t\t\t\n\t\t\t\t\n\t\t\t\t<div class=\"et_pb_text_inner\"><div class=\"col_1_3\">\n<div class=\"col_1_3\">\n<h1>ROMA MONUMENTAL<\/h1>\n<p style=\"text-align: justify;\">Bajamos hacia el r\u00edo, lo cruzamos para llegar a la planicie del Campo de Marte. Nuestra primera parada ser\u00e1\u00a0<strong>Plaza Navona<\/strong>, uno\u00a0 palimpsestos urbano: el estadio ol\u00edmpico de la \u00e9poca del Emperador Domiziano, transformado en una plaza barroca. \u201cNinguna plaza en Roma puede competir con la teatralidad de Plaza Navona\u201d, escribi\u00f3 alg\u00fan cronista en el pasado.<\/p>\n<p style=\"text-align: justify;\">Seguimos por callejas y plazoletas para llegar al\u00a0<strong>Pante\u00f3n<\/strong>. Parada para entrar al \u201ctemplo de todos los Dioses\u201d dise\u00f1ado y construido por Adriano en el siglo II y joya de la arquitectura romana Antigua.<\/p>\n<div>a. de la zona, llamada \u201cmonumental\u201d por los romanos durante el Imperio, veremos dos ejemplos notables: el \u201cpalimsesto\u201d generado sobre un Circo atl\u00e9tico del siglo I, que hoy es una plaza, llamada <strong>Navona<\/strong> y el \u00fanico templo pagano que lleg\u00f3 intacto a nuestros d\u00edas: <strong>el Pante\u00f3n<\/strong>. La visita de \u00e9ste \u00faltimo quedar\u00e1 supeditada al tr\u00e1fico y al tiempo disponible.<\/div>\n<div><\/div>\n<div>El tour dura 4 horas. aprox.<\/div>\n<\/div>\n<\/div><\/div>\n\t\t\t<\/div>\n\t\t\t<\/div>\n\t\t\t\t\n\t\t\t\t\n\t\t\t\t\n\t\t\t\t\n\t\t\t<\/div><div class=\"et_d4_element et_pb_row et_pb_row_4  et_pb_css_mix_blend_mode et_block_row\">\n\t\t\t\t<div class=\"et_d4_element et_pb_column_1_2 et_pb_column et_pb_column_6  et_pb_css_mix_blend_mode et_block_column\">\n\t\t\t\t\n\t\t\t\t\n\t\t\t\t\n\t\t\t\t\n\t\t\t\t<div class=\"et_pb_module et_d4_element et_pb_pricing_tables_0 et_hover_enabled et_pb_pricing clearfix et_pb_pricing_1 et_pb_no_featured_in_first_row\">\n\t\t\t\t\n\t\t\t\t\n\t\t\t\t\n\t\t\t\t\n\t\t\t\t<div class=\"et_pb_pricing_table_wrap\">\n\t\t\t\t\t<div class=\"et_d4_element et_pb_pricing_table et_pb_pricing_table_0 et_block_module\">\n\t\t\t\t\n\t\t\t\t\n\t\t\t\t\n\t\t\t\t\n\t\t\t\t<div class=\"et_pb_pricing_heading\">\n\t\t\t\t\t<h2 class=\"et_pb_pricing_title\">Roma en Vespa<\/h2>\n\t\t\t\t\t<span class=\"et_pb_best_value\">Tour 4 horas + Conductor Profesional + Aud\u00edfonos<\/span>\n\t\t\t\t<\/div>\n\t\t\t\t<div class=\"et_pb_pricing_content_top\">\n\t\t\t\t\t<span class=\"et_pb_et_price\"><span class=\"et_pb_dollar_sign\">\u20ac<\/span><span class=\"et_pb_sum\">124<\/span><span class=\"et_pb_frequency\"><span class=\"et_pb_frequency_slash\">\/<\/span>persona<\/span><\/span>\n\t\t\t\t<\/div>\n\t\t\t\t<div class=\"et_pb_pricing_content\">\n\t\t\t\t\t<ul class=\"et_pb_pricing\"><li><span>4 Adultos<\/span><\/li><li><span>Vespa con conductor experto Italiano<\/span><\/li><li><span>Aud\u00edfonos para oir mis explicaciones<\/span><\/li><li><span>Gu\u00eda Arquitecto y Conductor<\/span><\/li><\/ul>\n\t\t\t\t<\/div>\n\t\t\t\t<div class=\"et_pb_button_wrapper\"><a class=\"et_pb_button et_pb_pricing_table_button\" href=\"https:\/\/roma-bella.com\/es\/contacto\/\">Reserva!<\/a><\/div>\n\t\t\t<\/div>\n\t\t\t\t<\/div>\n\t\t\t<\/div>\n\t\t\t<\/div><div class=\"et_d4_element et_pb_column_1_2 et_pb_column et_pb_column_7  et_pb_css_mix_blend_mode et-last-child et_block_column\">\n\t\t\t\t\n\t\t\t\t\n\t\t\t\t\n\t\t\t\t\n\t\t\t\t<div class=\"et_pb_module et_d4_element et_pb_pricing_tables_1 et_hover_enabled et_pb_pricing clearfix et_pb_pricing_1 et_pb_no_featured_in_first_row\">\n\t\t\t\t\n\t\t\t\t\n\t\t\t\t\n\t\t\t\t\n\t\t\t\t<div class=\"et_pb_pricing_table_wrap\">\n\t\t\t\t\t<div class=\"et_d4_element et_pb_pricing_table et_pb_pricing_table_1 et_block_module\">\n\t\t\t\t\n\t\t\t\t\n\t\t\t\t\n\t\t\t\t\n\t\t\t\t<div class=\"et_pb_pricing_heading\">\n\t\t\t\t\t<h2 class=\"et_pb_pricing_title\">Roma en Vespa<\/h2>\n\t\t\t\t\t<span class=\"et_pb_best_value\">Tour 4 horas sin conductor profesional + Aud\u00edfonos<\/span>\n\t\t\t\t<\/div>\n\t\t\t\t<div class=\"et_pb_pricing_content_top\">\n\t\t\t\t\t<span class=\"et_pb_et_price\"><span class=\"et_pb_dollar_sign\">\u20ac<\/span><span class=\"et_pb_sum\">69<\/span><span class=\"et_pb_frequency\"><span class=\"et_pb_frequency_slash\">\/<\/span>persona<\/span><\/span>\n\t\t\t\t<\/div>\n\t\t\t\t<div class=\"et_pb_pricing_content\">\n\t\t\t\t\t<ul class=\"et_pb_pricing\"><li><span>4 adultos<\/span><\/li><li><span>Aud\u00edfonos para o\u00edr mis explicaciones<\/span><\/li><li><span>Gu\u00eda Arquitecto y Conductor<\/span><\/li><li><span>Alquiler de Vespa No Inclu\u00eddo.<\/span><\/li><\/ul>\n\t\t\t\t<\/div>\n\t\t\t\t<div class=\"et_pb_button_wrapper\"><a class=\"et_pb_button et_pb_pricing_table_button\" href=\"https:\/\/roma-bella.com\/es\/contacto\/\">Reserva!<\/a><\/div>\n\t\t\t<\/div>\n\t\t\t\t<\/div>\n\t\t\t<\/div>\n\t\t\t<\/div>\n\t\t\t\t\n\t\t\t\t\n\t\t\t\t\n\t\t\t\t\n\t\t\t<\/div>\n\t\t\t\t\n\t\t\t\t\n\t\t\t<\/div><div class=\"et_d4_element et_pb_section et_pb_section_1 et_pb_with_background  et_pb_css_mix_blend_mode et_section_regular et_block_section\" >\n\t\t\t\t\n\t\t\t\t\n\t\t\t\t\n\t\t\t\t\n\t\t\t\t\n\t\t\t\t\n\t\t\t\t<div class=\"et_d4_element et_pb_row et_pb_row_5  et_pb_css_mix_blend_mode et_block_row\">\n\t\t\t\t<div class=\"et_d4_element et_pb_column_4_4 et_pb_column et_pb_column_8  et_pb_css_mix_blend_mode et-last-child et_block_column\">\n\t\t\t\t\n\t\t\t\t\n\t\t\t\t\n\t\t\t\t\n\t\t\t\t<div class=\"et_pb_module et_d4_element et_pb_cta_0 et_hover_enabled et_pb_promo  et_pb_text_align_center et_pb_bg_layout_dark et_pb_no_bg\">\n\t\t\t\t\n\t\t\t\t\n\t\t\t\t\n\t\t\t\t\n\t\t\t\t<div class=\"et_pb_promo_description\"><h2 class=\"et_pb_module_header\">ELIGE ESTE TOUR<\/h2><div><p style=\"text-align: center;\">Disfruta Roma como Audrey Hepburn en la pel\u00edcula \"Vacaciones en Roma\". Ser\u00e1s trasladado por un experto conductor en una Vespa para que tu te relajes y disfrutes de las vistas, admirando Roma. El gu\u00eda Arquitecto liderar\u00e1 el grupo con su propia Vespa i a trav\u00e9s de Aud\u00edfonos podr\u00e1s escuchar sus narraciones.<\/p><\/div><\/div>\n\t\t\t\t<div class=\"et_pb_button_wrapper\"><a class=\"et_pb_button et_pb_promo_button\" href=\"https:\/\/roma-bella.com\/es\/contacto\/\">ELEGIR<\/a><\/div>\n\t\t\t<\/div>\n\t\t\t<\/div>\n\t\t\t\t\n\t\t\t\t\n\t\t\t\t\n\t\t\t\t\n\t\t\t<\/div>\n\t\t\t\t\n\t\t\t\t\n\t\t\t<\/div><\/p>\n","protected":false},"excerpt":{"rendered":"","protected":false},"author":1,"featured_media":0,"parent":531,"menu_order":0,"comment_status":"closed","ping_status":"closed","template":"","meta":{"om_disable_all_campaigns":false,"_monsterinsights_skip_tracking":false,"_monsterinsights_sitenote_active":false,"_monsterinsights_sitenote_note":"","_monsterinsights_sitenote_category":0,"_et_pb_use_builder":"on","_et_pb_old_content":"","_et_gb_content_width":"","footnotes":""},"class_list":["post-547","page","type-page","status-publish","hentry"],"aioseo_notices":[],"_links":{"self":[{"href":"https:\/\/roma-bella.com\/es\/wp-json\/wp\/v2\/pages\/547","targetHints":{"allow":["GET"]}}],"collection":[{"href":"https:\/\/roma-bella.com\/es\/wp-json\/wp\/v2\/pages"}],"about":[{"href":"https:\/\/roma-bella.com\/es\/wp-json\/wp\/v2\/types\/page"}],"author":[{"embeddable":true,"href":"https:\/\/roma-bella.com\/es\/wp-json\/wp\/v2\/users\/1"}],"replies":[{"embeddable":true,"href":"https:\/\/roma-bella.com\/es\/wp-json\/wp\/v2\/comments?post=547"}],"version-history":[{"count":10,"href":"https:\/\/roma-bella.com\/es\/wp-json\/wp\/v2\/pages\/547\/revisions"}],"predecessor-version":[{"id":1922,"href":"https:\/\/roma-bella.com\/es\/wp-json\/wp\/v2\/pages\/547\/revisions\/1922"}],"up":[{"embeddable":true,"href":"https:\/\/roma-bella.com\/es\/wp-json\/wp\/v2\/pages\/531"}],"wp:attachment":[{"href":"https:\/\/roma-bella.com\/es\/wp-json\/wp\/v2\/media?parent=547"}],"curies":[{"name":"wp","href":"https:\/\/api.w.org\/{rel}","templated":true}]}}