{"id":529,"date":"2016-06-05T18:16:03","date_gmt":"2016-06-05T17:16:03","guid":{"rendered":"https:\/\/roma-bella.com\/es\/?page_id=529"},"modified":"2018-06-05T18:34:48","modified_gmt":"2018-06-05T17:34:48","slug":"museos-roma","status":"publish","type":"page","link":"https:\/\/roma-bella.com\/es\/tours\/museos-roma\/","title":{"rendered":"Museos de Roma"},"content":{"rendered":"<div class=\"et_d4_element et_pb_section et_pb_section_0  et_pb_css_mix_blend_mode et_section_regular et_block_section\" >\n\t\t\t\t\n\t\t\t\t\n\t\t\t\t\n\t\t\t\t\n\t\t\t\t\n\t\t\t\t\n\t\t\t\t<div class=\"et_d4_element et_pb_row et_pb_row_0  et_pb_css_mix_blend_mode et_block_row\">\n\t\t\t\t<div class=\"et_d4_element et_pb_column_4_4 et_pb_column et_pb_column_0  et_pb_css_mix_blend_mode et-last-child et_block_column\">\n\t\t\t\t\n\t\t\t\t\n\t\t\t\t\n\t\t\t\t\n\t\t\t\t<div class=\"et_pb_module et_d4_element et_pb_text et_pb_text_0  et_pb_text_align_left et_pb_bg_layout_light\">\n\t\t\t\t\n\t\t\t\t\n\t\t\t\t\n\t\t\t\t\n\t\t\t\t<div class=\"et_pb_text_inner\"><h1>TOUR DE MUSEOS EN ROMA<\/h1><\/div>\n\t\t\t<\/div>\n\t\t\t<\/div>\n\t\t\t\t\n\t\t\t\t\n\t\t\t\t\n\t\t\t\t\n\t\t\t<\/div><div class=\"et_d4_element et_pb_row et_pb_row_1  et_pb_css_mix_blend_mode et_block_row\">\n\t\t\t\t<div class=\"et_d4_element et_pb_column_1_2 et_pb_column et_pb_column_1  et_pb_css_mix_blend_mode et_block_column\">\n\t\t\t\t\n\t\t\t\t\n\t\t\t\t\n\t\t\t\t\n\t\t\t\t<div class=\"et_pb_module et_d4_element et_pb_divider_0 et_pb_space et_pb_divider_hidden\"><div class=\"et_pb_divider_internal\"><\/div><\/div><div class=\"et_pb_module et_d4_element et_pb_image et_pb_image_0 et_animated et-waypoint\">\n\t\t\t\t\n\t\t\t\t\n\t\t\t\t\n\t\t\t\t\n\t\t\t\t<span class=\"et_pb_image_wrap \"><img loading=\"lazy\" decoding=\"async\" width=\"800\" height=\"600\" src=\"https:\/\/roma-bella.com\/wp-content\/uploads\/2016\/03\/apollo-e-dafne.jpg\" alt=\"\" title=\"\" srcset=\"https:\/\/roma-bella.com\/wp-content\/uploads\/2016\/03\/apollo-e-dafne.jpg 800w, https:\/\/roma-bella.com\/wp-content\/uploads\/2016\/03\/apollo-e-dafne-300x225.jpg 300w, https:\/\/roma-bella.com\/wp-content\/uploads\/2016\/03\/apollo-e-dafne-768x576.jpg 768w\" sizes=\"(max-width: 800px) 100vw, 800px\" class=\"wp-image-426\" \/><\/span>\n\t\t\t<\/div>\n\t\t\t<\/div><div class=\"et_d4_element et_pb_column_1_2 et_pb_column et_pb_column_2  et_pb_css_mix_blend_mode et-last-child et_block_column\">\n\t\t\t\t\n\t\t\t\t\n\t\t\t\t\n\t\t\t\t\n\t\t\t\t<div class=\"et_pb_module et_d4_element et_pb_text et_pb_text_1  et_pb_text_align_left et_pb_bg_layout_light\">\n\t\t\t\t\n\t\t\t\t\n\t\t\t\t\n\t\t\t\t\n\t\t\t\t<div class=\"et_pb_text_inner\"><h1 style=\"text-align: left;\">MUSEO BORGHESE<\/h1>\n<p style=\"text-align: justify;\">El\u00a0<strong>Palacio Borghese<\/strong>\u00a0fue construido en los primeros a\u00f1os del siglo XVII, como propiedad suburbana (fuera de la Muralla Aureliana) del Papa Paulo V y de su sobrino el Cardenal Scipione Borghese.En los comienzos el Palacio era un museo que albergaba la colecci\u00f3n arqueol\u00f3gica creada por el Cardenal Scipione, a la cual este mecenas del siglo XVII, fue agregaando obras de artistas por \u00e9l descubiertos, como <strong>Gian Lorenzo Bernini<\/strong> o <strong>Caravaggio<\/strong>.<\/p>\n<p style=\"text-align: justify;\">Bernini esculpi\u00f3 sus primeras obras para este palacio y la colecci\u00f3n de pinturas de <strong>Caravaggio, Rafael y Domenichino<\/strong> entraron a formar parte de este palacio gracias a la visi\u00f3n art\u00edstica y personal del Cardenal Borghese, siguiendo un gusto, considerado particularmente ecl\u00e9ctico y vinculado a \"la sociedad m\u00e1s edon\u00edstica deesta Roma del siglo XVII\" (Francis Haskell).<\/p>\n<p>&nbsp;<\/p><\/div>\n\t\t\t<\/div>\n\t\t\t<\/div>\n\t\t\t\t\n\t\t\t\t\n\t\t\t\t\n\t\t\t\t\n\t\t\t<\/div><div class=\"et_d4_element et_pb_row et_pb_row_2  et_pb_css_mix_blend_mode et_block_row\">\n\t\t\t\t<div class=\"et_d4_element et_pb_column_4_4 et_pb_column et_pb_column_3  et_pb_css_mix_blend_mode et-last-child et_block_column\">\n\t\t\t\t\n\t\t\t\t\n\t\t\t\t\n\t\t\t\t\n\t\t\t\t<div class=\"et_pb_module et_d4_element et_pb_divider et_pb_divider_1 et_pb_space\"><div class=\"et_pb_divider_internal\"><\/div><\/div>\n\t\t\t<\/div>\n\t\t\t\t\n\t\t\t\t\n\t\t\t\t\n\t\t\t\t\n\t\t\t<\/div><div class=\"et_d4_element et_pb_row et_pb_row_3  et_pb_css_mix_blend_mode et_block_row\">\n\t\t\t\t<div class=\"et_d4_element et_pb_column_1_2 et_pb_column et_pb_column_4  et_pb_css_mix_blend_mode et_block_column\">\n\t\t\t\t\n\t\t\t\t\n\t\t\t\t\n\t\t\t\t\n\t\t\t\t<div class=\"et_pb_module et_d4_element et_pb_divider_2 et_pb_space et_pb_divider_hidden\"><div class=\"et_pb_divider_internal\"><\/div><\/div><div class=\"et_pb_module et_d4_element et_pb_image et_pb_image_1 et_animated et-waypoint\">\n\t\t\t\t\n\t\t\t\t\n\t\t\t\t\n\t\t\t\t\n\t\t\t\t<span class=\"et_pb_image_wrap \"><img loading=\"lazy\" decoding=\"async\" width=\"1417\" height=\"945\" src=\"https:\/\/roma-bella.com\/wp-content\/uploads\/2016\/03\/Doria.Pamphilj.jpg\" alt=\"\" title=\"\" srcset=\"https:\/\/roma-bella.com\/wp-content\/uploads\/2016\/03\/Doria.Pamphilj.jpg 1417w, https:\/\/roma-bella.com\/wp-content\/uploads\/2016\/03\/Doria.Pamphilj-300x200.jpg 300w, https:\/\/roma-bella.com\/wp-content\/uploads\/2016\/03\/Doria.Pamphilj-768x512.jpg 768w, https:\/\/roma-bella.com\/wp-content\/uploads\/2016\/03\/Doria.Pamphilj-1024x683.jpg 1024w, https:\/\/roma-bella.com\/wp-content\/uploads\/2016\/03\/Doria.Pamphilj-1080x720.jpg 1080w\" sizes=\"(max-width: 1417px) 100vw, 1417px\" class=\"wp-image-295\" \/><\/span>\n\t\t\t<\/div>\n\t\t\t<\/div><div class=\"et_d4_element et_pb_column_1_2 et_pb_column et_pb_column_5  et_pb_css_mix_blend_mode et-last-child et_block_column\">\n\t\t\t\t\n\t\t\t\t\n\t\t\t\t\n\t\t\t\t\n\t\t\t\t<div class=\"et_pb_module et_d4_element et_pb_text et_pb_text_2  et_pb_text_align_left et_pb_bg_layout_light\">\n\t\t\t\t\n\t\t\t\t\n\t\t\t\t\n\t\t\t\t\n\t\t\t\t<div class=\"et_pb_text_inner\"><h1>GALER\u00cdA DORIA PAMPHILI<\/h1>\n<p style=\"text-align: justify;\">La\u00a0<strong>Galer\u00eda Doria Pamphilj<\/strong>\u00a0es una colecci\u00f3n privada abierta al p\u00fablico. La rica colecci\u00f3n de pinturas fue creada por el sobrino de Papa Innocenzo X Pamphili en el siglo XVII, despu\u00e9s de contraer matrimonio con una riqu\u00edsima heredera: Olimpia Aldobrandini.<\/p>\n<p style=\"text-align: justify;\">La colecci\u00f3n incluye un gran n\u00famero de obras maestras de los grandes artistas del siglo XVI - XVII, como <strong>Caravaggio<\/strong>, Annibale\u00a0<strong>Carracci<\/strong>,\u00a0<strong>Guido Reni<\/strong>,\u00a0<strong>Guercino<\/strong>,\u00a0 Claude Lorrain, Gaspard Dughet y la mejor obra de <strong>Velasquez<\/strong>: el retrato del Papa Innocenzo X. Tambi\u00e9n acoge importantes obras de artistas del Renacimiento, como <strong>Tiziano<\/strong>,\u00a0<strong>Raffaello<\/strong>, Garofalo,\u00a0<strong>Lorenzo Lotto<\/strong>.<\/p>\n<p style=\"text-align: justify;\">Palacio Pamphili es hoy uno de los mejores ejemplos del fasto y el lujo de la sociedad romana del siglo XVII, que utilizaba sus residencias como ejemplo de poder y elegancia.<\/p>\n<p>&nbsp;<\/p><\/div>\n\t\t\t<\/div>\n\t\t\t<\/div>\n\t\t\t\t\n\t\t\t\t\n\t\t\t\t\n\t\t\t\t\n\t\t\t<\/div><div class=\"et_d4_element et_pb_row et_pb_row_4  et_pb_css_mix_blend_mode et_block_row\">\n\t\t\t\t<div class=\"et_d4_element et_pb_column_4_4 et_pb_column et_pb_column_6  et_pb_css_mix_blend_mode et-last-child et_block_column\">\n\t\t\t\t\n\t\t\t\t\n\t\t\t\t\n\t\t\t\t\n\t\t\t\t<div class=\"et_pb_module et_d4_element et_pb_divider et_pb_divider_3 et_pb_space\"><div class=\"et_pb_divider_internal\"><\/div><\/div>\n\t\t\t<\/div>\n\t\t\t\t\n\t\t\t\t\n\t\t\t\t\n\t\t\t\t\n\t\t\t<\/div><div class=\"et_d4_element et_pb_row et_pb_row_5  et_pb_css_mix_blend_mode et_block_row\">\n\t\t\t\t<div class=\"et_d4_element et_pb_column_1_2 et_pb_column et_pb_column_7  et_pb_css_mix_blend_mode et_block_column\">\n\t\t\t\t\n\t\t\t\t\n\t\t\t\t\n\t\t\t\t\n\t\t\t\t<div class=\"et_pb_module et_d4_element et_pb_divider_4 et_pb_space et_pb_divider_hidden\"><div class=\"et_pb_divider_internal\"><\/div><\/div><div class=\"et_pb_module et_d4_element et_pb_image et_pb_image_2 et_animated et-waypoint\">\n\t\t\t\t\n\t\t\t\t\n\t\t\t\t\n\t\t\t\t\n\t\t\t\t<span class=\"et_pb_image_wrap \"><img loading=\"lazy\" decoding=\"async\" width=\"800\" height=\"600\" src=\"https:\/\/roma-bella.com\/wp-content\/uploads\/2016\/03\/capitoline-museum.jpg\" alt=\"\" title=\"\" srcset=\"https:\/\/roma-bella.com\/wp-content\/uploads\/2016\/03\/capitoline-museum.jpg 800w, https:\/\/roma-bella.com\/wp-content\/uploads\/2016\/03\/capitoline-museum-300x225.jpg 300w, https:\/\/roma-bella.com\/wp-content\/uploads\/2016\/03\/capitoline-museum-768x576.jpg 768w\" sizes=\"(max-width: 800px) 100vw, 800px\" class=\"wp-image-297\" \/><\/span>\n\t\t\t<\/div>\n\t\t\t<\/div><div class=\"et_d4_element et_pb_column_1_2 et_pb_column et_pb_column_8  et_pb_css_mix_blend_mode et-last-child et_block_column\">\n\t\t\t\t\n\t\t\t\t\n\t\t\t\t\n\t\t\t\t\n\t\t\t\t<div class=\"et_pb_module et_d4_element et_pb_text et_pb_text_3  et_pb_text_align_left et_pb_bg_layout_light\">\n\t\t\t\t\n\t\t\t\t\n\t\t\t\t\n\t\t\t\t\n\t\t\t\t<div class=\"et_pb_text_inner\"><h1>MUSEO CAPITOLINO<\/h1>\n<p style=\"text-align: justify;\">El\u00a0<strong>Museo Capitolino<\/strong>\u00a0es la colecci\u00f3n museal m\u00e1s antigua del mundo. Iniciada con la donaci\u00f3n de una notable cantidad de esculturas antiguas, por parte del Papa Sixto IV en el 1471. . Esta colecci\u00f3n nacida con obras encontradas, durante las transformaciones de la ciudad de Roma en centro del mundo cat\u00f3lico, fue enriquecida posteriormente con donaciones de los papas Pio V (siglo XVI), Clemente XIII, Benedicto XIV y Pio VI (siglo XVIII).<\/p>\n<p style=\"text-align: justify;\">La colecci\u00f3n ocupa los palacios dise\u00f1ados por\u00a0<strong>Miguel Angel\u00a0<\/strong>en el siglo XVI, sobre la colina Capitolina, llamada<em>Capitolium fulgnes<\/em>\u00a0por los romanos en la antig\u00fcedad.<\/p>\n<p style=\"text-align: justify;\">Entre las esculturas m\u00e1s notables , se encuentra el <strong>Galata moribundo<\/strong> y la <strong>Venus Capitolina<\/strong>. Cabe mencionar la Sala de los Emperadores con los retratos de todos los Emperadores Romanos y la estatua ecuestre en bronce del Emperador Marco Aurelio.<\/p>\n<p>&nbsp;<\/p><\/div>\n\t\t\t<\/div>\n\t\t\t<\/div>\n\t\t\t\t\n\t\t\t\t\n\t\t\t\t\n\t\t\t\t\n\t\t\t<\/div><div class=\"et_d4_element et_pb_row et_pb_row_6  et_pb_css_mix_blend_mode et_block_row\">\n\t\t\t\t<div class=\"et_d4_element et_pb_column_4_4 et_pb_column et_pb_column_9  et_pb_css_mix_blend_mode et-last-child et_block_column\">\n\t\t\t\t\n\t\t\t\t\n\t\t\t\t\n\t\t\t\t\n\t\t\t\t<div class=\"et_pb_module et_d4_element et_pb_divider et_pb_divider_5 et_pb_space\"><div class=\"et_pb_divider_internal\"><\/div><\/div>\n\t\t\t<\/div>\n\t\t\t\t\n\t\t\t\t\n\t\t\t\t\n\t\t\t\t\n\t\t\t<\/div><div class=\"et_d4_element et_pb_row et_pb_row_7  et_pb_css_mix_blend_mode et_block_row\">\n\t\t\t\t<div class=\"et_d4_element et_pb_column_1_2 et_pb_column et_pb_column_10  et_pb_css_mix_blend_mode et_block_column\">\n\t\t\t\t\n\t\t\t\t\n\t\t\t\t\n\t\t\t\t\n\t\t\t\t<div class=\"et_pb_module et_d4_element et_pb_divider_6 et_pb_space et_pb_divider_hidden\"><div class=\"et_pb_divider_internal\"><\/div><\/div><div class=\"et_pb_module et_d4_element et_pb_image et_pb_image_3 et_animated et-waypoint\">\n\t\t\t\t\n\t\t\t\t\n\t\t\t\t\n\t\t\t\t\n\t\t\t\t<span class=\"et_pb_image_wrap \"><img loading=\"lazy\" decoding=\"async\" width=\"800\" height=\"600\" src=\"https:\/\/roma-bella.com\/wp-content\/uploads\/2016\/03\/roman-national-museum.jpg\" alt=\"\" title=\"\" srcset=\"https:\/\/roma-bella.com\/wp-content\/uploads\/2016\/03\/roman-national-museum.jpg 800w, https:\/\/roma-bella.com\/wp-content\/uploads\/2016\/03\/roman-national-museum-300x225.jpg 300w, https:\/\/roma-bella.com\/wp-content\/uploads\/2016\/03\/roman-national-museum-768x576.jpg 768w\" sizes=\"(max-width: 800px) 100vw, 800px\" class=\"wp-image-299\" \/><\/span>\n\t\t\t<\/div>\n\t\t\t<\/div><div class=\"et_d4_element et_pb_column_1_2 et_pb_column et_pb_column_11  et_pb_css_mix_blend_mode et-last-child et_block_column\">\n\t\t\t\t\n\t\t\t\t\n\t\t\t\t\n\t\t\t\t\n\t\t\t\t<div class=\"et_pb_module et_d4_element et_pb_text et_pb_text_4  et_pb_text_align_left et_pb_bg_layout_light\">\n\t\t\t\t\n\t\t\t\t\n\t\t\t\t\n\t\t\t\t\n\t\t\t\t<div class=\"et_pb_text_inner\"><h1>MUSEO NACIONAL ROMANO<\/h1>\n<p style=\"text-align: justify;\">El\u00a0<strong>Museo Nacional Romano<\/strong>\u00a0(<em>Palacio Massimo en las Termas<\/em>) ubicado en el palacio construido por la familia Massimo en el siglo XIX, fue creado en el 1981, para ampliar la exposici\u00f3n de arte Antigua del adyacente Museo Nacional Romano de las Termas de Diocleziano.<\/p>\n<p style=\"text-align: justify;\">Abierto al p\u00fablico en el 1995, constituye el mejor museo did\u00e1ctico de arte antigua en\u00a0<strong>Roma<\/strong>. Sus cuatro pisos presentan las obras art\u00edsticas m\u00e1s significativas desde el periodo republicano (II-I siglo a.C) hasta la tarda edad imperial (IV siglo d.C).<\/p>\n<p style=\"text-align: justify;\">Es uno de los pocos museos romanos que exponen obras originales griegas del V siglo a.C y del II siglo a.C, como tambi\u00e9n pinturas parietales originales de \u00e9poca romana, encontradas en la casa de la hija del Emperador Augusto, Julia y de la esposa Livia..<\/p>\n<p>&nbsp;<\/p><\/div>\n\t\t\t<\/div>\n\t\t\t<\/div>\n\t\t\t\t\n\t\t\t\t\n\t\t\t\t\n\t\t\t\t\n\t\t\t<\/div><div class=\"et_d4_element et_pb_row et_pb_row_8  et_pb_css_mix_blend_mode et_block_row\">\n\t\t\t\t<div class=\"et_d4_element et_pb_column_4_4 et_pb_column et_pb_column_12  et_pb_css_mix_blend_mode et-last-child et_block_column\">\n\t\t\t\t\n\t\t\t\t\n\t\t\t\t\n\t\t\t\t\n\t\t\t\t<div class=\"et_pb_module et_d4_element et_pb_pricing_tables_0 et_pb_pricing clearfix et_pb_pricing_1 et_pb_no_featured_in_first_row\">\n\t\t\t\t\n\t\t\t\t\n\t\t\t\t\n\t\t\t\t\n\t\t\t\t<div class=\"et_pb_pricing_table_wrap\">\n\t\t\t\t\t<div class=\"et_d4_element et_pb_pricing_table et_pb_pricing_table_0 et_block_module\">\n\t\t\t\t\n\t\t\t\t\n\t\t\t\t\n\t\t\t\t\n\t\t\t\t<div class=\"et_pb_pricing_heading\">\n\t\t\t\t\t<h2 class=\"et_pb_pricing_title\">TOUR MUSEOS EN ROMA<\/h2>\n\t\t\t\t\t\n\t\t\t\t<\/div>\n\t\t\t\t<div class=\"et_pb_pricing_content_top\">\n\t\t\t\t\t<span class=\"et_pb_et_price\"><span class=\"et_pb_dollar_sign\">\u20ac<\/span><span class=\"et_pb_sum\">50<\/span><\/span>\n\t\t\t\t<\/div>\n\t\t\t\t<div class=\"et_pb_pricing_content\">\n\t\t\t\t\t<ul class=\"et_pb_pricing\"><li><span>Costo visita por persona y por Museo<\/span><\/li><li><span>Para Familias de 4 personas<\/span><\/li><li><span>Gu\u00eda Arquitecto<\/span><\/li><li><span>Tickets y cuotas de reservas con acceso preferente para evitar colas<\/span><\/li><\/ul>\n\t\t\t\t<\/div>\n\t\t\t\t<div class=\"et_pb_button_wrapper\"><a class=\"et_pb_button et_pb_pricing_table_button\" href=\"https:\/\/roma-bella.com\/contact\/\">Book Now!<\/a><\/div>\n\t\t\t<\/div>\n\t\t\t\t<\/div>\n\t\t\t<\/div>\n\t\t\t<\/div>\n\t\t\t\t\n\t\t\t\t\n\t\t\t\t\n\t\t\t\t\n\t\t\t<\/div>\n\t\t\t\t\n\t\t\t\t\n\t\t\t<\/div>\n","protected":false},"excerpt":{"rendered":"","protected":false},"author":1,"featured_media":0,"parent":531,"menu_order":0,"comment_status":"closed","ping_status":"closed","template":"","meta":{"om_disable_all_campaigns":false,"_monsterinsights_skip_tracking":false,"_monsterinsights_sitenote_active":false,"_monsterinsights_sitenote_note":"","_monsterinsights_sitenote_category":0,"_et_pb_use_builder":"on","_et_pb_old_content":"","_et_gb_content_width":"","footnotes":""},"class_list":["post-529","page","type-page","status-publish","hentry"],"aioseo_notices":[],"_links":{"self":[{"href":"https:\/\/roma-bella.com\/es\/wp-json\/wp\/v2\/pages\/529","targetHints":{"allow":["GET"]}}],"collection":[{"href":"https:\/\/roma-bella.com\/es\/wp-json\/wp\/v2\/pages"}],"about":[{"href":"https:\/\/roma-bella.com\/es\/wp-json\/wp\/v2\/types\/page"}],"author":[{"embeddable":true,"href":"https:\/\/roma-bella.com\/es\/wp-json\/wp\/v2\/users\/1"}],"replies":[{"embeddable":true,"href":"https:\/\/roma-bella.com\/es\/wp-json\/wp\/v2\/comments?post=529"}],"version-history":[{"count":6,"href":"https:\/\/roma-bella.com\/es\/wp-json\/wp\/v2\/pages\/529\/revisions"}],"predecessor-version":[{"id":1185,"href":"https:\/\/roma-bella.com\/es\/wp-json\/wp\/v2\/pages\/529\/revisions\/1185"}],"up":[{"embeddable":true,"href":"https:\/\/roma-bella.com\/es\/wp-json\/wp\/v2\/pages\/531"}],"wp:attachment":[{"href":"https:\/\/roma-bella.com\/es\/wp-json\/wp\/v2\/media?parent=529"}],"curies":[{"name":"wp","href":"https:\/\/api.w.org\/{rel}","templated":true}]}}