{"id":525,"date":"2016-06-05T18:14:50","date_gmt":"2016-06-05T17:14:50","guid":{"rendered":"https:\/\/roma-bella.com\/es\/?page_id=525"},"modified":"2024-07-17T11:21:17","modified_gmt":"2024-07-17T10:21:17","slug":"excursion-cruceros","status":"publish","type":"page","link":"https:\/\/roma-bella.com\/es\/tours\/excursion-cruceros\/","title":{"rendered":"Excursi\u00f3n para Cruceros"},"content":{"rendered":"<p><div class=\"et_d4_element et_pb_section et_pb_section_0  et_pb_css_mix_blend_mode et_section_regular et_block_section\" >\n\t\t\t\t\n\t\t\t\t\n\t\t\t\t\n\t\t\t\t\n\t\t\t\t\n\t\t\t\t\n\t\t\t\t<div class=\"et_d4_element et_pb_row et_pb_row_0  et_pb_css_mix_blend_mode et_block_row\">\n\t\t\t\t<div class=\"et_d4_element et_pb_column_4_4 et_pb_column et_pb_column_0  et_pb_css_mix_blend_mode et-last-child et_block_column\">\n\t\t\t\t\n\t\t\t\t\n\t\t\t\t\n\t\t\t\t\n\t\t\t\t<div class=\"et_pb_module et_d4_element et_pb_text et_pb_text_0  et_pb_text_align_left et_pb_bg_layout_light\">\n\t\t\t\t\n\t\t\t\t\n\t\t\t\t\n\t\t\t\t\n\t\t\t\t<div class=\"et_pb_text_inner\"><h1>EXCURSI\u00d3N PARA CRUCEROS<\/h1>\n<p style=\"text-align: justify;\"><strong>Tour privado<\/strong>\u00a0dise\u00f1ado para clientes ESPECIALES que sue\u00f1an con descubrir\u00a0<strong>Roma en un d\u00eda<\/strong>.<br \/>\nLa magnificencia de \u00a0<strong>Roma Antigua<\/strong>\u00a0y la belleza de \u00a0<strong>Roma Papal<\/strong>: iglesias, plazas, fuentes, sintetizados en esta Roma Contempor\u00e1nea, capital de Italia. Un <strong>tour de Roma<\/strong>, extraordinario por la historia, el arte, la arqueolog\u00eda de la ciudad cuna de nuestra civilizaci\u00f3n occidental.<\/p><\/div>\n\t\t\t<\/div>\n\t\t\t<\/div>\n\t\t\t\t\n\t\t\t\t\n\t\t\t\t\n\t\t\t\t\n\t\t\t<\/div><div class=\"et_d4_element et_pb_row et_pb_row_1  et_pb_css_mix_blend_mode et_block_row\">\n\t\t\t\t<div class=\"et_d4_element et_pb_column_1_2 et_pb_column et_pb_column_1  et_pb_css_mix_blend_mode et_block_column\">\n\t\t\t\t\n\t\t\t\t\n\t\t\t\t\n\t\t\t\t\n\t\t\t\t<div class=\"et_pb_module et_d4_element et_pb_divider_0 et_pb_space et_pb_divider_hidden\"><div class=\"et_pb_divider_internal\"><\/div><\/div><div class=\"et_pb_module et_d4_element et_pb_image et_pb_image_0 et_animated et-waypoint\">\n\t\t\t\t\n\t\t\t\t\n\t\t\t\t\n\t\t\t\t\n\t\t\t\t<span class=\"et_pb_image_wrap \"><img loading=\"lazy\" decoding=\"async\" width=\"800\" height=\"600\" src=\"https:\/\/roma-bella.com\/wp-content\/uploads\/2016\/03\/capitol-1.jpg\" alt=\"\" title=\"\" srcset=\"https:\/\/roma-bella.com\/wp-content\/uploads\/2016\/03\/capitol-1.jpg 800w, https:\/\/roma-bella.com\/wp-content\/uploads\/2016\/03\/capitol-1-300x225.jpg 300w, https:\/\/roma-bella.com\/wp-content\/uploads\/2016\/03\/capitol-1-768x576.jpg 768w\" sizes=\"(max-width: 800px) 100vw, 800px\" class=\"wp-image-326\" \/><\/span>\n\t\t\t<\/div>\n\t\t\t<\/div><div class=\"et_d4_element et_pb_column_1_2 et_pb_column et_pb_column_2  et_pb_css_mix_blend_mode et-last-child et_block_column\">\n\t\t\t\t\n\t\t\t\t\n\t\t\t\t\n\t\t\t\t\n\t\t\t\t<div class=\"et_pb_module et_d4_element et_pb_text et_pb_text_1  et_pb_text_align_left et_pb_bg_layout_light\">\n\t\t\t\t\n\t\t\t\t\n\t\t\t\t\n\t\t\t\t\n\t\t\t\t<div class=\"et_pb_text_inner\"><div>\n<div class=\"col_1_3\">\n<h1>PRIMERA PARTE<\/h1>\n<p style=\"text-align: justify;\">La excursi\u00f3n para cruceros comienza en el puerto de Civitavecchia (45 kil\u00f3metros de Roma), donde el ch\u00f3fer os estar\u00e1 esperando con una Van de lujo, para conducirlos en un relajante viaje hacia la ciudad Eterna.<\/p>\n<p style=\"text-align: justify;\">En Roma nos reuniremos para inicar esta excursi\u00f3n privada y exclusiva de <strong>Roma con una Arquitecto<\/strong>.<br \/>\nComenzaremos con una panor\u00e1mica de Roma Imperial, sus 7 colinas y valles: la muralla del siglo III construida por el Emperador Aureliano, las\u00a0<strong>Termas de Caracalla<\/strong>, el\u00a0<strong>Circo M\u00e1ximo <\/strong>localizado entre la colina del\u00a0<strong>Palatino<\/strong>\u00a0y el\u00a0<strong>Aventino<\/strong>, para llegar al valle del imponente\u00a0<strong>Coliseo<\/strong>. Parada delante del <strong>Arco de Costantino<\/strong><\/p>\n<\/div>\n<\/div><\/div>\n\t\t\t<\/div>\n\t\t\t<\/div>\n\t\t\t\t\n\t\t\t\t\n\t\t\t\t\n\t\t\t\t\n\t\t\t<\/div><div class=\"et_d4_element et_pb_row et_pb_row_2  et_pb_css_mix_blend_mode et_block_row\">\n\t\t\t\t<div class=\"et_d4_element et_pb_column_4_4 et_pb_column et_pb_column_3  et_pb_css_mix_blend_mode et-last-child et_block_column\">\n\t\t\t\t\n\t\t\t\t\n\t\t\t\t\n\t\t\t\t\n\t\t\t\t<div class=\"et_pb_module et_d4_element et_pb_divider et_pb_divider_1 et_pb_space\"><div class=\"et_pb_divider_internal\"><\/div><\/div>\n\t\t\t<\/div>\n\t\t\t\t\n\t\t\t\t\n\t\t\t\t\n\t\t\t\t\n\t\t\t<\/div><div class=\"et_d4_element et_pb_row et_pb_row_3  et_pb_css_mix_blend_mode et_block_row\">\n\t\t\t\t<div class=\"et_d4_element et_pb_column_1_2 et_pb_column et_pb_column_4  et_pb_css_mix_blend_mode et_block_column\">\n\t\t\t\t\n\t\t\t\t\n\t\t\t\t\n\t\t\t\t\n\t\t\t\t<div class=\"et_pb_module et_d4_element et_pb_divider_2 et_pb_space et_pb_divider_hidden\"><div class=\"et_pb_divider_internal\"><\/div><\/div><div class=\"et_pb_module et_d4_element et_pb_image et_pb_image_1 et_animated et-waypoint\">\n\t\t\t\t\n\t\t\t\t\n\t\t\t\t\n\t\t\t\t\n\t\t\t\t<span class=\"et_pb_image_wrap \"><img loading=\"lazy\" decoding=\"async\" width=\"800\" height=\"600\" src=\"https:\/\/roma-bella.com\/wp-content\/uploads\/2016\/02\/colosseum.jpg\" alt=\"\" title=\"\" srcset=\"https:\/\/roma-bella.com\/wp-content\/uploads\/2016\/02\/colosseum.jpg 800w, https:\/\/roma-bella.com\/wp-content\/uploads\/2016\/02\/colosseum-300x225.jpg 300w, https:\/\/roma-bella.com\/wp-content\/uploads\/2016\/02\/colosseum-768x576.jpg 768w\" sizes=\"(max-width: 800px) 100vw, 800px\" class=\"wp-image-266\" \/><\/span>\n\t\t\t<\/div>\n\t\t\t<\/div><div class=\"et_d4_element et_pb_column_1_2 et_pb_column et_pb_column_5  et_pb_css_mix_blend_mode et-last-child et_block_column\">\n\t\t\t\t\n\t\t\t\t\n\t\t\t\t\n\t\t\t\t\n\t\t\t\t<div class=\"et_pb_module et_d4_element et_pb_text et_pb_text_2  et_pb_text_align_left et_pb_bg_layout_light\">\n\t\t\t\t\n\t\t\t\t\n\t\t\t\t\n\t\t\t\t\n\t\t\t\t<div class=\"et_pb_text_inner\"><div>\n<div class=\"col_1_3\">\n<div class=\"col_1_3\">\n<h1>SEGUNDA PARTE<\/h1>\n<p style=\"text-align: justify;\">El\u00a0<strong>Coliseo<\/strong>\u00a0o Anfiteatro Flavio es el mejor ejemplo que simboliza el poder y el esplendor de Roma Antigua. Utilizado para los juegos gladiadores, hoy es un testimonio imponente de la arquitectura romana. A trav\u00e9s e mi relato podr\u00e1n revivir los juegos gladiadores, la vida de los combatientes, de los espectadores y de los romanos en general, con sus intrigas, dolores y pasiones.<\/p>\n<p style=\"text-align: justify;\">Tambi\u00e9n podr\u00e1n conocer la historia verdadera que se esconde detr\u00e1s de la construcci\u00f3n de este \u201cestadio\u201d y de las rezones que llevaron a los Flavios a cancelar la memoria de Ner\u00f3n. La historia de Roma que todav\u00eda inspira pel\u00edculas, novelas, seriales, leyendas, la conocer\u00e1n en detalle a trav\u00e9s de mis relatos.<\/p>\n<\/div>\n<\/div>\n<\/div><\/div>\n\t\t\t<\/div>\n\t\t\t<\/div>\n\t\t\t\t\n\t\t\t\t\n\t\t\t\t\n\t\t\t\t\n\t\t\t<\/div><div class=\"et_d4_element et_pb_row et_pb_row_4  et_pb_css_mix_blend_mode et_block_row\">\n\t\t\t\t<div class=\"et_d4_element et_pb_column_4_4 et_pb_column et_pb_column_6  et_pb_css_mix_blend_mode et-last-child et_block_column\">\n\t\t\t\t\n\t\t\t\t\n\t\t\t\t\n\t\t\t\t\n\t\t\t\t<div class=\"et_pb_module et_d4_element et_pb_divider et_pb_divider_3 et_pb_space\"><div class=\"et_pb_divider_internal\"><\/div><\/div>\n\t\t\t<\/div>\n\t\t\t\t\n\t\t\t\t\n\t\t\t\t\n\t\t\t\t\n\t\t\t<\/div><div class=\"et_d4_element et_pb_row et_pb_row_5  et_pb_css_mix_blend_mode et_block_row\">\n\t\t\t\t<div class=\"et_d4_element et_pb_column_1_2 et_pb_column et_pb_column_7  et_pb_css_mix_blend_mode et_block_column\">\n\t\t\t\t\n\t\t\t\t\n\t\t\t\t\n\t\t\t\t\n\t\t\t\t<div class=\"et_pb_module et_d4_element et_pb_divider_4 et_pb_space et_pb_divider_hidden\"><div class=\"et_pb_divider_internal\"><\/div><\/div><div class=\"et_pb_module et_d4_element et_pb_image et_pb_image_2 et_animated et-waypoint\">\n\t\t\t\t\n\t\t\t\t\n\t\t\t\t\n\t\t\t\t\n\t\t\t\t<span class=\"et_pb_image_wrap \"><img loading=\"lazy\" decoding=\"async\" width=\"800\" height=\"600\" src=\"https:\/\/roma-bella.com\/wp-content\/uploads\/2016\/03\/roman-forum.jpg\" alt=\"\" title=\"\" srcset=\"https:\/\/roma-bella.com\/wp-content\/uploads\/2016\/03\/roman-forum.jpg 800w, https:\/\/roma-bella.com\/wp-content\/uploads\/2016\/03\/roman-forum-300x225.jpg 300w, https:\/\/roma-bella.com\/wp-content\/uploads\/2016\/03\/roman-forum-768x576.jpg 768w\" sizes=\"(max-width: 800px) 100vw, 800px\" class=\"wp-image-313\" \/><\/span>\n\t\t\t<\/div>\n\t\t\t<\/div><div class=\"et_d4_element et_pb_column_1_2 et_pb_column et_pb_column_8  et_pb_css_mix_blend_mode et-last-child et_block_column\">\n\t\t\t\t\n\t\t\t\t\n\t\t\t\t\n\t\t\t\t\n\t\t\t\t<div class=\"et_pb_module et_d4_element et_pb_text et_pb_text_3  et_pb_text_align_left et_pb_bg_layout_light\">\n\t\t\t\t\n\t\t\t\t\n\t\t\t\t\n\t\t\t\t\n\t\t\t\t<div class=\"et_pb_text_inner\"><div>\n<div class=\"col_1_3\">\n<h1 style=\"text-align: justify;\">TERCERA PARTE<\/h1>\n<\/div>\n<p style=\"text-align: justify;\"><strong>Roma<\/strong> no es un ciudad museo preservada en una vitrina, como cualquiera obra maestra. <strong>Roma<\/strong> es, desde el punto de vista arquitect\u00f3nico, un palimpsesto, elocuentemente mostrado en el\u00a0<strong>Capitolio<\/strong>. La pregunta que surge al visitar esta colina es: \u00bfpor qu\u00e9 el Papa Paulo III invit\u00f3 a Miguel Angel a realizar una plaza c\u00edvica en una colina emblema de la Roma pagana?<\/p>\n<p style=\"text-align: justify;\">El\u00a0<strong>Foro Romano<\/strong>\u00a0aparece ante nuestros vista y en una fracci\u00f3n de segundos nos remontamos a los gloriosos a\u00f1os de aquella <strong>Roma Antigua<\/strong>\u00a0y de la cuna de la civilizaci\u00f3n occidental. \u00bfqu\u00e9 era el Foro Romano? Volvemos a nuestro veh\u00edculo para pasar delante del monumento que glorifica la Unidad de Italia del 1870 y a su rey V\u00edctor Manuel II. \u00bfpor qu\u00e9 los romanos no aprecian este monumento?<br \/>\nLa\u00a0<strong>Fuente de Trevi<\/strong>\u00a0ser\u00e1 nuestra pr\u00f3xima parada. \u00bfqu\u00e9 motiv\u00f3 la construcci\u00f3n de esta teatral fuente en un espacio tan escondido?<\/p>\n<\/div><\/div>\n\t\t\t<\/div>\n\t\t\t<\/div>\n\t\t\t\t\n\t\t\t\t\n\t\t\t\t\n\t\t\t\t\n\t\t\t<\/div><div class=\"et_d4_element et_pb_row et_pb_row_6  et_pb_css_mix_blend_mode et_block_row\">\n\t\t\t\t<div class=\"et_d4_element et_pb_column_4_4 et_pb_column et_pb_column_9  et_pb_css_mix_blend_mode et-last-child et_block_column\">\n\t\t\t\t\n\t\t\t\t\n\t\t\t\t\n\t\t\t\t\n\t\t\t\t<div class=\"et_pb_module et_d4_element et_pb_divider et_pb_divider_5 et_pb_space\"><div class=\"et_pb_divider_internal\"><\/div><\/div>\n\t\t\t<\/div>\n\t\t\t\t\n\t\t\t\t\n\t\t\t\t\n\t\t\t\t\n\t\t\t<\/div><div class=\"et_d4_element et_pb_row et_pb_row_7  et_pb_css_mix_blend_mode et_block_row\">\n\t\t\t\t<div class=\"et_d4_element et_pb_column_1_2 et_pb_column et_pb_column_10  et_pb_css_mix_blend_mode et_block_column\">\n\t\t\t\t\n\t\t\t\t\n\t\t\t\t\n\t\t\t\t\n\t\t\t\t<div class=\"et_pb_module et_d4_element et_pb_divider_6 et_pb_space et_pb_divider_hidden\"><div class=\"et_pb_divider_internal\"><\/div><\/div><div class=\"et_pb_module et_d4_element et_pb_image et_pb_image_3 et_animated et-waypoint\">\n\t\t\t\t\n\t\t\t\t\n\t\t\t\t\n\t\t\t\t\n\t\t\t\t<span class=\"et_pb_image_wrap \"><img loading=\"lazy\" decoding=\"async\" width=\"800\" height=\"600\" src=\"https:\/\/roma-bella.com\/wp-content\/uploads\/2016\/03\/vatican2.jpg\" alt=\"\" title=\"\" srcset=\"https:\/\/roma-bella.com\/wp-content\/uploads\/2016\/03\/vatican2.jpg 800w, https:\/\/roma-bella.com\/wp-content\/uploads\/2016\/03\/vatican2-300x225.jpg 300w, https:\/\/roma-bella.com\/wp-content\/uploads\/2016\/03\/vatican2-768x576.jpg 768w\" sizes=\"(max-width: 800px) 100vw, 800px\" class=\"wp-image-328\" \/><\/span>\n\t\t\t<\/div>\n\t\t\t<\/div><div class=\"et_d4_element et_pb_column_1_2 et_pb_column et_pb_column_11  et_pb_css_mix_blend_mode et-last-child et_block_column\">\n\t\t\t\t\n\t\t\t\t\n\t\t\t\t\n\t\t\t\t\n\t\t\t\t<div class=\"et_pb_module et_d4_element et_pb_text et_pb_text_4  et_pb_text_align_left et_pb_bg_layout_light\">\n\t\t\t\t\n\t\t\t\t\n\t\t\t\t\n\t\t\t\t\n\t\t\t\t<div class=\"et_pb_text_inner\"><div>\n<div class=\"col_1_3\">\n<div class=\"col_1_3\">\n<h1>CUARTA PARTE<\/h1>\n<p style=\"text-align: justify;\">El\u00a0<strong>Vaticano<\/strong>\u00a0ser\u00e1 nuestra \u00faltima parada y si el tiempo lo permite, pasaremos antes por el\u00a0<strong>Pante\u00f3n<\/strong>.<\/p>\n<p style=\"text-align: justify;\">Si vuestro objetivo es el de visitar la <strong>Capilla Sixtina<\/strong>, debemos entrar al <strong>Museo Vaticano<\/strong>. S\u00f3lo admirando el arte Antigua podremos comprender las figuras escult\u00f3ricas de la b\u00f3veda de Miguel Angel, como tambi\u00e9n descubrir el motivo por el cual estaCapilla, definida como \u201csantuario de la teolog\u00eda del ser humano\u201d, nos muestra una sinfon\u00eda de cuerpos, algunas veces desnudos y en otras, brutalmente cubiertos.<\/p>\n<p style=\"text-align: justify;\">La\u00a0<strong>Bas\u00edlica de San Pedro<\/strong>\u00a0ser\u00e1 el remate de nuestra visita. El santuario m\u00e1s majestuoso a nivel mundial, definido por algunos \u201ccanto al triunfo cristiano, espect\u00e1culo escenogr\u00e1fico de la grandiosidad y el lujo de la Fe\u201d \u00bfquienes fueron los genios que dise\u00f1aron tanta belleza? Y \u00bfpor qu\u00e9 fue elegida Roma como sede de la Iglesia Cat\u00f3lica, si Jesucristo nunca vino a Roma?<\/p>\n<p style=\"text-align: justify;\">En un d\u00eda de visita podr\u00e1 obtener todas las respuestas a estas y otras dudas y se sentir\u00e1 gratificado de haber elegido de<strong>visitar Roma con una Arquitecto<\/strong>.<\/p>\n<\/div>\n<\/div>\n<\/div><\/div>\n\t\t\t<\/div>\n\t\t\t<\/div>\n\t\t\t\t\n\t\t\t\t\n\t\t\t\t\n\t\t\t\t\n\t\t\t<\/div><div class=\"et_d4_element et_pb_row et_pb_row_8  et_pb_css_mix_blend_mode et_block_row\">\n\t\t\t\t<div class=\"et_d4_element et_pb_column_4_4 et_pb_column et_pb_column_12  et_pb_css_mix_blend_mode et-last-child et_block_column\">\n\t\t\t\t\n\t\t\t\t\n\t\t\t\t\n\t\t\t\t\n\t\t\t\t<div class=\"et_pb_module et_d4_element et_pb_pricing_tables_0 et_hover_enabled et_pb_pricing clearfix et_pb_pricing_2 et_pb_no_featured_in_first_row\">\n\t\t\t\t\n\t\t\t\t\n\t\t\t\t\n\t\t\t\t\n\t\t\t\t<div class=\"et_pb_pricing_table_wrap\">\n\t\t\t\t\t<div class=\"et_d4_element et_pb_pricing_table et_pb_pricing_table_0 et_block_module\">\n\t\t\t\t\n\t\t\t\t\n\t\t\t\t\n\t\t\t\t\n\t\t\t\t<div class=\"et_pb_pricing_heading\">\n\t\t\t\t\t<h2 class=\"et_pb_pricing_title\">Excursi\u00f3n para cruceros<\/h2>\n\t\t\t\t\t<span class=\"et_pb_best_value\">Con Coliseo  y Bas\u00edlica de San Pedro m\u00e1s traslado.<\/span>\n\t\t\t\t<\/div>\n\t\t\t\t<div class=\"et_pb_pricing_content_top\">\n\t\t\t\t\t<span class=\"et_pb_et_price\"><span class=\"et_pb_dollar_sign\">\u20ac<\/span><span class=\"et_pb_sum\">237<\/span><\/span>\n\t\t\t\t<\/div>\n\t\t\t\t<div class=\"et_pb_pricing_content\">\n\t\t\t\t\t<ul class=\"et_pb_pricing\"><li><span>Grupo de 6 Adultos<\/span><\/li><li><span>Limo Van privada desde y hacia el Puerto de Civitavecchia<\/span><\/li><li><span>Limo Van privada en Roma<\/span><\/li><li><span>Gu\u00eda Arquitecto por 7 horas<\/span><\/li><li><span>Tickets y cuotas de reservas con acceso preferente para evitar colas<\/span><\/li><li><span>Con este tour a las 16:30 estar\u00e1n dejando Roma para ir a Puerto<\/span><\/li><li><span>Incluidos tickets del Coliseo, con entrada especial para evitar colas<\/span><\/li><li><span><span>Para grupos inferiores a 6 personas, el costo por\u00a0<\/span><span>persona es m\u00e1s alto<\/span><\/span><\/li><\/ul>\n\t\t\t\t<\/div>\n\t\t\t\t<div class=\"et_pb_button_wrapper\"><a class=\"et_pb_button et_pb_pricing_table_button\" href=\"https:\/\/roma-bella.com\/es\/contacto\/\">Reserva!<\/a><\/div>\n\t\t\t<\/div><div class=\"et_d4_element et_pb_pricing_table et_pb_pricing_table_1 et_block_module\">\n\t\t\t\t\n\t\t\t\t\n\t\t\t\t\n\t\t\t\t\n\t\t\t\t<div class=\"et_pb_pricing_heading\">\n\t\t\t\t\t<h2 class=\"et_pb_pricing_title\">Excursi\u00f3n para cruceros<\/h2>\n\t\t\t\t\t<span class=\"et_pb_best_value\">Con Capilla Sixtina - m\u00e1s translados.<\/span>\n\t\t\t\t<\/div>\n\t\t\t\t<div class=\"et_pb_pricing_content_top\">\n\t\t\t\t\t<span class=\"et_pb_et_price\"><span class=\"et_pb_dollar_sign\">\u20ac<\/span><span class=\"et_pb_sum\">263<\/span><\/span>\n\t\t\t\t<\/div>\n\t\t\t\t<div class=\"et_pb_pricing_content\">\n\t\t\t\t\t<ul class=\"et_pb_pricing\"><li><span>Grupo Adultos de 6 + Capilla Sixtina<\/span><\/li><li><span>Limo Van privada desde y hacia el Puerto de Civitavecchia<\/span><\/li><li><span>Limo Van privada en Roma<\/span><\/li><li><span>Gu\u00eda Arquitecto por 7 horas<\/span><\/li><li><span>Incluidos tickets Museo Vaticano, con entrada especial para evitar colas<\/span><\/li><li><span><span>Para grupos inferiores a 6 personas, el costo por\u00a0<\/span><span>persona es m\u00e1s alto<\/span><\/span><\/li><\/ul>\n\t\t\t\t<\/div>\n\t\t\t\t<div class=\"et_pb_button_wrapper\"><a class=\"et_pb_button et_pb_pricing_table_button\" href=\"https:\/\/roma-bella.com\/es\/contacto\/\">Reserva!<\/a><\/div>\n\t\t\t<\/div>\n\t\t\t\t<\/div>\n\t\t\t<\/div>\n\t\t\t<\/div>\n\t\t\t\t\n\t\t\t\t\n\t\t\t\t\n\t\t\t\t\n\t\t\t<\/div>\n\t\t\t\t\n\t\t\t\t\n\t\t\t<\/div><div class=\"et_d4_element et_pb_section et_pb_section_1 et_pb_with_background  et_pb_css_mix_blend_mode et_section_regular et_block_section\" >\n\t\t\t\t\n\t\t\t\t\n\t\t\t\t\n\t\t\t\t\n\t\t\t\t\n\t\t\t\t\n\t\t\t\t<div class=\"et_d4_element et_pb_row et_pb_row_9  et_pb_css_mix_blend_mode et_block_row\">\n\t\t\t\t<div class=\"et_d4_element et_pb_column_4_4 et_pb_column et_pb_column_13  et_pb_css_mix_blend_mode et-last-child et_block_column\">\n\t\t\t\t\n\t\t\t\t\n\t\t\t\t\n\t\t\t\t\n\t\t\t\t<div class=\"et_pb_module et_d4_element et_pb_cta_0 et_hover_enabled et_pb_promo  et_pb_text_align_center et_pb_bg_layout_dark et_pb_no_bg\">\n\t\t\t\t\n\t\t\t\t\n\t\t\t\t\n\t\t\t\t\n\t\t\t\t<div class=\"et_pb_promo_description\"><h2 class=\"et_pb_module_header\">ELIGE ESTE TOUR<\/h2><div><p style=\"text-align: center;\">You need a life to know Rome, but visiting Rome with an Architect, 2.700 years of history come to life in one day.<\/p><\/div><\/div>\n\t\t\t\t<div class=\"et_pb_button_wrapper\"><a class=\"et_pb_button et_pb_promo_button\" href=\"https:\/\/roma-bella.com\/es\/contacto\/\">Elegir<\/a><\/div>\n\t\t\t<\/div>\n\t\t\t<\/div>\n\t\t\t\t\n\t\t\t\t\n\t\t\t\t\n\t\t\t\t\n\t\t\t<\/div>\n\t\t\t\t\n\t\t\t\t\n\t\t\t<\/div><\/p>\n","protected":false},"excerpt":{"rendered":"","protected":false},"author":1,"featured_media":0,"parent":531,"menu_order":0,"comment_status":"closed","ping_status":"closed","template":"","meta":{"om_disable_all_campaigns":false,"_monsterinsights_skip_tracking":false,"_monsterinsights_sitenote_active":false,"_monsterinsights_sitenote_note":"","_monsterinsights_sitenote_category":0,"_et_pb_use_builder":"on","_et_pb_old_content":"","_et_gb_content_width":"","footnotes":""},"class_list":["post-525","page","type-page","status-publish","hentry"],"aioseo_notices":[],"_links":{"self":[{"href":"https:\/\/roma-bella.com\/es\/wp-json\/wp\/v2\/pages\/525","targetHints":{"allow":["GET"]}}],"collection":[{"href":"https:\/\/roma-bella.com\/es\/wp-json\/wp\/v2\/pages"}],"about":[{"href":"https:\/\/roma-bella.com\/es\/wp-json\/wp\/v2\/types\/page"}],"author":[{"embeddable":true,"href":"https:\/\/roma-bella.com\/es\/wp-json\/wp\/v2\/users\/1"}],"replies":[{"embeddable":true,"href":"https:\/\/roma-bella.com\/es\/wp-json\/wp\/v2\/comments?post=525"}],"version-history":[{"count":16,"href":"https:\/\/roma-bella.com\/es\/wp-json\/wp\/v2\/pages\/525\/revisions"}],"predecessor-version":[{"id":1924,"href":"https:\/\/roma-bella.com\/es\/wp-json\/wp\/v2\/pages\/525\/revisions\/1924"}],"up":[{"embeddable":true,"href":"https:\/\/roma-bella.com\/es\/wp-json\/wp\/v2\/pages\/531"}],"wp:attachment":[{"href":"https:\/\/roma-bella.com\/es\/wp-json\/wp\/v2\/media?parent=525"}],"curies":[{"name":"wp","href":"https:\/\/api.w.org\/{rel}","templated":true}]}}