{"id":511,"date":"2016-06-05T17:46:02","date_gmt":"2016-06-05T16:46:02","guid":{"rendered":"https:\/\/roma-bella.com\/es\/?page_id=511"},"modified":"2017-08-30T15:11:32","modified_gmt":"2017-08-30T14:11:32","slug":"testimonios","status":"publish","type":"page","link":"https:\/\/roma-bella.com\/es\/testimonios\/","title":{"rendered":"Testimonios"},"content":{"rendered":"<div class=\"et_d4_element et_pb_section et_pb_section_0  et_pb_css_mix_blend_mode et_section_regular et_block_section\" >\n\t\t\t\t\n\t\t\t\t\n\t\t\t\t\n\t\t\t\t\n\t\t\t\t\n\t\t\t\t\n\t\t\t\t<div class=\"et_d4_element et_pb_row et_pb_row_0  et_pb_css_mix_blend_mode et_block_row\">\n\t\t\t\t<div class=\"et_d4_element et_pb_column_4_4 et_pb_column et_pb_column_0  et_pb_css_mix_blend_mode et-last-child et_block_column\">\n\t\t\t\t\n\t\t\t\t\n\t\t\t\t\n\t\t\t\t\n\t\t\t\t<div class=\"et_pb_module et_d4_element et_pb_testimonial et_pb_testimonial_0  et_pb_css_mix_blend_mode clearfix  et_pb_text_align_left et_pb_bg_layout_light et_block_module et_pb_testimonial_no_image\">\n\t\t\t\t\n\t\t\t\t\n\t\t\t\t\n\t\t\t\t\n\t\t\t\t<div style=\"background-image:url(https:\/\/roma-bella.com\/wp-content\/uploads\/2016\/02\/testimonials_claudia5big.jpg)\" class=\"et_pb_testimonial_portrait\"><\/div>\n\t\t\t\t<div class=\"et_pb_testimonial_description\">\n\t\t\t\t\t<div class=\"et_pb_testimonial_description_inner\"><div class=\"et_pb_testimonial_content\"><p style=\"text-align: justify;\"><cite title=\"Garcia\">Queridisima Ximena,<br \/>\nrealmente cualquier palabra que pueda escribirle queda corta a nuestra experiencia de tour en Roma con usted. Deseo agradecerle de mi parte y mis amigos la pasi\u00f3n, conocimiento, amabilidad y profesionalidad con que comparti\u00f3 con nosotros Roma.En las pocas horas que nuestro Crucero nos permiti\u00f3 visitar Roma nos fuimos cargados de conocimiento por esa ciudad hermosa y de tanta historia que a trav\u00e9s de sus ojos pudimos conocer mejor.Sin duda el haber podido tener la experiencia de tenerla a usted como guia fue excepcional. Desde que nos recogieron en Cittavechia hasta que regresamos al Barco todo lo que recibimos de usted y su personal fue excelentes atenciones.Solo podemos desear regresar muy pronto y tener la oportunidad de disfrutar nuevamente y con mas tiempo de todo lo que conoce y comparte con quienes hemos tenido el privilegio de tenerla de guia porque definitivamente en todos mis viajes anteriores no habia contado con alguien como usted.Muchos Exitos y gracias mil por todo el cari\u00f1o y dedicaci\u00f3n que pone en compartir con sus clientes que en realidad nos hace sentir como amigos. Le envio algunas de las fotos que tom\u00e1ramos para conservar todo lo que aprendimos junto a usted.<br \/>\nUn fuerte abrazo.<\/cite><\/p><\/div><\/div>\n\t\t\t\t\t<span class=\"et_pb_testimonial_author\">Claudia Rivas de Dominguez<\/span>\n\t\t\t\t\t<p class=\"et_pb_testimonial_meta\"><span class=\"et_pb_testimonial_position\">Rep\u00fablica Dominicana<\/span><\/p>\n\t\t\t\t<\/div>\n\t\t\t<\/div><div class=\"et_pb_module et_d4_element et_pb_testimonial et_pb_testimonial_1  et_pb_css_mix_blend_mode clearfix  et_pb_text_align_left et_pb_bg_layout_light et_block_module et_pb_testimonial_no_image\">\n\t\t\t\t\n\t\t\t\t\n\t\t\t\t\n\t\t\t\t\n\t\t\t\t<div style=\"background-image:url(https:\/\/roma-bella.com\/wp-content\/uploads\/2016\/02\/testimonials_rafael1big.jpg)\" class=\"et_pb_testimonial_portrait\"><\/div>\n\t\t\t\t<div class=\"et_pb_testimonial_description\">\n\t\t\t\t\t<div class=\"et_pb_testimonial_description_inner\"><div class=\"et_pb_testimonial_content\"><p style=\"text-align: justify;\"><cite title=\"Garcia\">Buenas tardes Ximena,<br \/>\nquisiera darte las gracias por los momentos tan maravillosos que pasamos en Roma y por todo lo que pudimos aprender y disfrutar tan bella ciudad y llena de historia la cual nos trasmitistes con excelente profesionalismo, no dudamos en volver a contactarte en una pr\u00f3xima visita y sobre todo recomendarte para los nuevos visitantes a tan bella ciudad.<\/cite><\/p>\n<p style=\"text-align: justify;\">Rafael Gallegos y flia.<\/p><\/div><\/div>\n\t\t\t\t\t<span class=\"et_pb_testimonial_author\">Rafael Gallegos<\/span>\n\t\t\t\t\t<p class=\"et_pb_testimonial_meta\"><span class=\"et_pb_testimonial_position\">Venezuela<\/span><\/p>\n\t\t\t\t<\/div>\n\t\t\t<\/div><div class=\"et_pb_module et_d4_element et_pb_testimonial et_pb_testimonial_2  et_pb_css_mix_blend_mode clearfix  et_pb_text_align_left et_pb_bg_layout_light et_block_module et_pb_testimonial_no_image\">\n\t\t\t\t\n\t\t\t\t\n\t\t\t\t\n\t\t\t\t\n\t\t\t\t<div style=\"background-image:url(https:\/\/roma-bella.com\/wp-content\/uploads\/2016\/02\/testimonials_navarro_big2.jpg)\" class=\"et_pb_testimonial_portrait\"><\/div>\n\t\t\t\t<div class=\"et_pb_testimonial_description\">\n\t\t\t\t\t<div class=\"et_pb_testimonial_description_inner\"><div class=\"et_pb_testimonial_content\"><p><cite title=\"Garcia\">Hola Ximena,<br \/>\nYa de vuelta en Espa\u00f1a te env\u00edo fotos de recuerdo para tu web (incluyo una tuya) y quer\u00eda aprovechar para comentarte que era un poco incr\u00e9dula cuando empec\u00e9 a buscar por Internet una gu\u00eda interesante para nuestro viaje y no podr\u00eda haber encontrado a nadie mejor. Yo viajaba sola con mis hijos adolescentes y quer\u00eda que fuese un viaje cultural, divertido sin ser del todo agotador para que quisieran repetir y lo conseguimos gracias a ti. Las visitas que nos recomendaste fueron las imprescindibles: VATICANO y TOUR ROMA ANTIGUA en minibus, yo las recomiendo a todo el mundo.Un abrazo muy fuerte y gracias por todo, Carmen.<\/cite><\/p><\/div><\/div>\n\t\t\t\t\t<span class=\"et_pb_testimonial_author\">Carmen Navarro<\/span>\n\t\t\t\t\t<p class=\"et_pb_testimonial_meta\"><span class=\"et_pb_testimonial_position\">Espa\u00f1a<\/span><\/p>\n\t\t\t\t<\/div>\n\t\t\t<\/div><div class=\"et_pb_module et_d4_element et_pb_testimonial et_pb_testimonial_3  et_pb_css_mix_blend_mode clearfix  et_pb_text_align_left et_pb_bg_layout_light et_block_module et_pb_testimonial_no_image\">\n\t\t\t\t\n\t\t\t\t\n\t\t\t\t\n\t\t\t\t\n\t\t\t\t<div style=\"background-image:url(https:\/\/roma-bella.com\/wp-content\/uploads\/2016\/02\/clientes-romabella.png)\" class=\"et_pb_testimonial_portrait\"><\/div>\n\t\t\t\t<div class=\"et_pb_testimonial_description\">\n\t\t\t\t\t<div class=\"et_pb_testimonial_description_inner\"><div class=\"et_pb_testimonial_content\"><p style=\"text-align: justify;\">Gracias mil por dos paseos excelentes en roma.<br \/>\nFue un desafio despertar el interes de chicos jovenes y verdaderamente se interesaron mucho en la historia , el arte. Todo lo q contaste les gusto mucho.Asi q gracias por todo y espero noticias del proximo invierno sci 2016.<br \/>\nUn gran saludo,<\/p><\/div><\/div>\n\t\t\t\t\t<span class=\"et_pb_testimonial_author\">Familia Drago de Braun<\/span>\n\t\t\t\t\t<p class=\"et_pb_testimonial_meta\"><span class=\"et_pb_testimonial_position\">Buenos Aires - Argentina<\/span><\/p>\n\t\t\t\t<\/div>\n\t\t\t<\/div><div class=\"et_pb_module et_d4_element et_pb_testimonial et_pb_testimonial_4  et_pb_css_mix_blend_mode clearfix  et_pb_text_align_left et_pb_bg_layout_light et_block_module et_pb_testimonial_no_image\">\n\t\t\t\t\n\t\t\t\t\n\t\t\t\t\n\t\t\t\t\n\t\t\t\t<div style=\"background-image:url(https:\/\/roma-bella.com\/wp-content\/uploads\/2016\/02\/clientes-romabella.png)\" class=\"et_pb_testimonial_portrait\"><\/div>\n\t\t\t\t<div class=\"et_pb_testimonial_description\">\n\t\t\t\t\t<div class=\"et_pb_testimonial_description_inner\"><div class=\"et_pb_testimonial_content\"><p style=\"text-align: justify;\">Nuestra muy apreciada Ximena:<br \/>\nDesde nuestro pa\u00eds, Guatemala, le escribimos esta carta a una semana de nuestro retorno de Roma, del viaje maravilloso que efectuamos, acompa\u00f1ados de nuestra querida nieta Cristy.<br \/>\nQueremos por este medio, agradecerle, nosotros y en nombre de nuestra nieta Cristy, todos sus esfuerzos personales y profesionales que realiz\u00f3 para que logr\u00e1ramos realizar un viaje de mucho provecho, tanto material como espiritual. Viaje al que usted inici\u00f3 su colaboraci\u00f3n much\u00edsimos meses antes, a mediados de 2013, esfuerzo suyo que agradecemos a\u00fan m\u00e1s.<br \/>\nA los pocos minutos de conocernos, de gu\u00eda usted se convirti\u00f3 en nuestra amiga y en esta condici\u00f3n, logr\u00f3 que nosotros, en muchos casos conoci\u00e9ramos y en otros pocos record\u00e1ramos, todas las maravillas que Italia ofrece a los viajeros que llegamos con el af\u00e1n de conocerlas y disfrutarlas.<\/p>\n<p style=\"text-align: justify;\">Muy dif\u00edcil ser\u00e1 para nosotros olvidar sus delicadezas y sus s\u00f3lidos conocimientos que se iniciaron en el Coliseo Romano.<br \/>\nEn todo momento fuimos atendidos por usted y por su equipo en forma sumamente puntual y profesional que generaron, en nosotros tres, el logro de una visita de ensue\u00f1o, que nos invitar\u00e1 a retornar en el futuro para conocer lo que no fue posible por lo corto del tiempo de nuestra estad\u00eda en Roma.<\/p>\n<p style=\"text-align: justify;\">Deseamos que tome nuestra carta como una demostraci\u00f3n sincera de mucho agradecimiento hacia su persona, no s\u00f3lo por su profesionalismo demostrado en todo momento, sino por sus sentimientos de mucho servicio personal profuso de cari\u00f1o para nosotros y principalmente para Cristy, quien estuvo en todo momento muy atenta a sus conocimientos que ella siempre busc\u00f3 para beneficio de sus estudios universitarios que cursa en Guatemala.<\/p>\n<p style=\"text-align: justify;\">No deseamos decirle adi\u00f3s, sino un hasta pronto, porque la amistad generada con usted, apreciada Ximena, se ha convertido en nosotros en un lazo muy importante debido a que no cesamos en nuestra esperanza de volver al lindo pa\u00eds que nos mostr\u00f3 con tanta genialidad y \u00e9xito.<br \/>\nSaludos muy cordiales,<\/p><\/div><\/div>\n\t\t\t\t\t<span class=\"et_pb_testimonial_author\">Javier y A\u00edda Castellanos<\/span>\n\t\t\t\t\t<p class=\"et_pb_testimonial_meta\"><span class=\"et_pb_testimonial_position\">Guatemala<\/span><\/p>\n\t\t\t\t<\/div>\n\t\t\t<\/div><div class=\"et_pb_module et_d4_element et_pb_testimonial et_pb_testimonial_5  et_pb_css_mix_blend_mode clearfix  et_pb_text_align_left et_pb_bg_layout_light et_block_module et_pb_testimonial_no_image\">\n\t\t\t\t\n\t\t\t\t\n\t\t\t\t\n\t\t\t\t\n\t\t\t\t<div style=\"background-image:url(https:\/\/roma-bella.com\/wp-content\/uploads\/2016\/02\/clientes-romabella.png)\" class=\"et_pb_testimonial_portrait\"><\/div>\n\t\t\t\t<div class=\"et_pb_testimonial_description\">\n\t\t\t\t\t<div class=\"et_pb_testimonial_description_inner\"><div class=\"et_pb_testimonial_content\"><p style=\"text-align: justify;\"><cite title=\"\">Estimada Ximena:<br \/>\nMuchas gracias por la excelente orientacion y ense\u00f1anza que lograste transmitirnos con tu programa de visitas guiadas a esa linda ciudad que es Roma, con un valor historico y artistico unico en el mundo que tu muy bien sabes exponer. Cuenta con nuestra mas amplia recomendacion ante familiares y amigos que piensen venir a esta ciudad. Recibe un cordial saludo y un a\u00f1o nuevo lleno de exitos.<br \/>\nRamon Ruiz Curiel y Sra.a genialidad y \u00e9xito.<br \/>\nSaludos muy cordiales,<br \/>\n<\/cite><\/p><\/div><\/div>\n\t\t\t\t\t<span class=\"et_pb_testimonial_author\">Ramon Ruiz Curiel<\/span>\n\t\t\t\t\t<p class=\"et_pb_testimonial_meta\"><span class=\"et_pb_testimonial_position\">Venezuela<\/span><\/p>\n\t\t\t\t<\/div>\n\t\t\t<\/div><div class=\"et_pb_module et_d4_element et_pb_testimonial et_pb_testimonial_6  et_pb_css_mix_blend_mode clearfix  et_pb_text_align_left et_pb_bg_layout_light et_block_module et_pb_testimonial_no_image\">\n\t\t\t\t\n\t\t\t\t\n\t\t\t\t\n\t\t\t\t\n\t\t\t\t<div style=\"background-image:url(https:\/\/roma-bella.com\/wp-content\/uploads\/2016\/02\/testimonials_herrera_big.jpg)\" class=\"et_pb_testimonial_portrait\"><\/div>\n\t\t\t\t<div class=\"et_pb_testimonial_description\">\n\t\t\t\t\t<div class=\"et_pb_testimonial_description_inner\"><div class=\"et_pb_testimonial_content\"><p style=\"text-align: justify;\"><cite title=\"Garcia\">Hi Ximena,<br \/>\nI hope this finds you well! Thank you so much for the amazing tour! It was incredible! We had such a great time and really enjoyed your company. \ud83d\ude42 Below is a comment you can attach to the picture \ud83d\ude42 thanks again for everything!<br \/>\nWe were traveling to Italy (Europe in general) for the very first time on our honeymoon! Our Florence tour guide recommended Ximena for our days in Rome. We were not disappointed! We did a day and a half tour. The first day included all of Ancient Rome (Colosseum, Roman Forum) and important stops (Pantheon, Trevi Fountain, Piazza Novona, to name a few). The next day we went to the Vatican and saw the Sistine Chapel and St. Peter's Square.<br \/>\nXimena was wonderful and full of so much information. It was great walking and listening to her explain everything. It was certainly nice to not have to look down at a book every few minutes. She made us feel right at home. She never rushed us or felt like she had somewhere else to be. The whole day was dedicated to us. I loved strolling through the streets, really taking it all in.<br \/>\nWe were beyond satisfied. I would recommend her to anyone. Thank you so much Ximena! We hope to be back soon.<\/cite><\/p>\n<p style=\"text-align: justify;\">Kristin and Cody Garcia \ud83d\ude42<\/p><\/div><\/div>\n\t\t\t\t\t<span class=\"et_pb_testimonial_author\">Kristin and Cody Garcia<\/span>\n\t\t\t\t\t<p class=\"et_pb_testimonial_meta\"><\/p>\n\t\t\t\t<\/div>\n\t\t\t<\/div><div class=\"et_pb_module et_d4_element et_pb_testimonial et_pb_testimonial_7  et_pb_css_mix_blend_mode clearfix  et_pb_text_align_left et_pb_bg_layout_light et_block_module et_pb_testimonial_no_image\">\n\t\t\t\t\n\t\t\t\t\n\t\t\t\t\n\t\t\t\t\n\t\t\t\t<div style=\"background-image:url(https:\/\/roma-bella.com\/wp-content\/uploads\/2016\/02\/clientes-romabella.png)\" class=\"et_pb_testimonial_portrait\"><\/div>\n\t\t\t\t<div class=\"et_pb_testimonial_description\">\n\t\t\t\t\t<div class=\"et_pb_testimonial_description_inner\"><div class=\"et_pb_testimonial_content\"><p>Ximena, te queria agradecer la lindisima aventura que vivimos hoy en las vespas. Fue inolvidable! Nos sentimos romanos. Los chicos muy educados y preparados. Vos sos una enciclopedia de historia Romana!<br \/>\nLo vamos a recomendar mucho.<br \/>\nUn beso grande de Santos y mio.<br \/>\nMuchisimas gracias por todo!<br \/>\nCari\u00f1os,<\/div><\/div>\n\t\t\t\t\t<span class=\"et_pb_testimonial_author\">Pia Oris De Roa<\/span>\n\t\t\t\t\t<p class=\"et_pb_testimonial_meta\"><\/p>\n\t\t\t\t<\/div>\n\t\t\t<\/div>\n\t\t\t<\/div>\n\t\t\t\t\n\t\t\t\t\n\t\t\t\t\n\t\t\t\t\n\t\t\t<\/div>\n\t\t\t\t\n\t\t\t\t\n\t\t\t<\/div>\n","protected":false},"excerpt":{"rendered":"","protected":false},"author":1,"featured_media":0,"parent":0,"menu_order":0,"comment_status":"closed","ping_status":"closed","template":"","meta":{"om_disable_all_campaigns":false,"_monsterinsights_skip_tracking":false,"_monsterinsights_sitenote_active":false,"_monsterinsights_sitenote_note":"","_monsterinsights_sitenote_category":0,"_et_pb_use_builder":"on","_et_pb_old_content":"","_et_gb_content_width":"","footnotes":""},"class_list":["post-511","page","type-page","status-publish","hentry"],"aioseo_notices":[],"_links":{"self":[{"href":"https:\/\/roma-bella.com\/es\/wp-json\/wp\/v2\/pages\/511","targetHints":{"allow":["GET"]}}],"collection":[{"href":"https:\/\/roma-bella.com\/es\/wp-json\/wp\/v2\/pages"}],"about":[{"href":"https:\/\/roma-bella.com\/es\/wp-json\/wp\/v2\/types\/page"}],"author":[{"embeddable":true,"href":"https:\/\/roma-bella.com\/es\/wp-json\/wp\/v2\/users\/1"}],"replies":[{"embeddable":true,"href":"https:\/\/roma-bella.com\/es\/wp-json\/wp\/v2\/comments?post=511"}],"version-history":[{"count":4,"href":"https:\/\/roma-bella.com\/es\/wp-json\/wp\/v2\/pages\/511\/revisions"}],"predecessor-version":[{"id":996,"href":"https:\/\/roma-bella.com\/es\/wp-json\/wp\/v2\/pages\/511\/revisions\/996"}],"wp:attachment":[{"href":"https:\/\/roma-bella.com\/es\/wp-json\/wp\/v2\/media?parent=511"}],"curies":[{"name":"wp","href":"https:\/\/api.w.org\/{rel}","templated":true}]}}