{"id":504,"date":"2016-06-05T17:43:27","date_gmt":"2016-06-05T16:43:27","guid":{"rendered":"https:\/\/roma-bella.com\/es\/?page_id=504"},"modified":"2018-07-27T18:01:24","modified_gmt":"2018-07-27T17:01:24","slug":"acerca-de-mi","status":"publish","type":"page","link":"https:\/\/roma-bella.com\/es\/acerca-de-mi\/","title":{"rendered":"Acerca de mi"},"content":{"rendered":"<p><div class=\"et_d4_element et_pb_section et_pb_section_0  et_pb_css_mix_blend_mode et_pb_fullwidth_section et_section_regular et_block_section\" >\n\t\t\t\t\n\t\t\t\t\n\t\t\t\t\n\t\t\t\t\n\t\t\t\t\n\t\t\t\t\n\t\t\t\t<div class=\"et_pb_module et_d4_element et_pb_fullwidth_slider_0 et_pb_slider et_pb_slider_no_arrows et_pb_slider_no_pagination\">\n\t\t\t\t<div class=\"et_pb_slides\">\n\t\t\t\t\t<div class=\"et_d4_element et_pb_slide et_pb_slide_0  et_pb_css_mix_blend_mode et_pb_bg_layout_dark et_pb_media_alignment_center et-pb-active-slide\" data-slide-id=\"et_pb_slide_0\">\n\t\t\t\t\n\t\t\t\t\n\t\t\t\t<div class=\"et_pb_container clearfix\">\n\t\t\t\t\t<div class=\"et_pb_slider_container_inner\">\n\t\t\t\t\t\t\n\t\t\t\t\t\t<div class=\"et_pb_slide_description\">\n\t\t\t\t\t\t\t<h2 class=\"et_pb_slide_title\">Ximena Amarales<\/h2><div class=\"et_pb_slide_content\"><strong>Licensed Tour Guide of Rome<\/strong><\/div>\n\t\t\t\t\t\t\t\n\t\t\t\t\t\t<\/div>\n\t\t\t\t\t<\/div>\n\t\t\t\t<\/div>\n\t\t\t\t\n\t\t\t\t\n\t\t\t\t\n\t\t\t<\/div>\n\t\t\t\n\t\t\t\t<\/div>\n\t\t\t\t\n\t\t\t<\/div>\n\t\t\t\n\t\t\t\t\n\t\t\t\t\n\t\t\t<\/div><div class=\"et_d4_element et_pb_section et_pb_section_1  et_pb_css_mix_blend_mode et_section_regular et_block_section\" >\n\t\t\t\t\n\t\t\t\t\n\t\t\t\t\n\t\t\t\t\n\t\t\t\t\n\t\t\t\t\n\t\t\t\t<div class=\"et_d4_element et_pb_row et_pb_row_0  et_pb_css_mix_blend_mode et_block_row\">\n\t\t\t\t<div class=\"et_d4_element et_pb_column_4_4 et_pb_column et_pb_column_0  et_pb_css_mix_blend_mode et-last-child et_block_column\">\n\t\t\t\t\n\t\t\t\t\n\t\t\t\t\n\t\t\t\t\n\t\t\t\t<div class=\"et_pb_module et_d4_element et_pb_text et_pb_text_0  et_pb_text_align_left et_pb_bg_layout_light\">\n\t\t\t\t\n\t\t\t\t\n\t\t\t\t\n\t\t\t\t\n\t\t\t\t<div class=\"et_pb_text_inner\"><p style=\"text-align: justify;\">Soy <strong>XIMENA AMARALES<\/strong> arquitecto y Mag\u00edster en Urbanismo, t\u00edtulo que obtuve con la tesis<\/p>\n<p style=\"text-align: justify;\"><strong>\u201c<\/strong><strong>Patrimonio y Espacio P\u00fablico, uso social de las Plazas en Roma\u201d<\/strong>.<\/p>\n<p style=\"text-align: justify;\">En la ciudad de Roma vivo desde el 1984, cuando llegu\u00e9 proveniente de Chile. Durante 15 a\u00f1os trabaj\u00e9 como arquitecto, pero por diferentes circunstancias, empec\u00e9 a interesarme en el arte, la arqueolog\u00eda y la historia de Roma, obteniendo en el 1999\u00a0\u00a0 la Licencia de Gu\u00eda de Roma, ciudad que considero un paradigma urbano, adem\u00e1s de ciudad madre\u2026.. en el mundo.<\/p>\n<p style=\"text-align: justify;\">20 a\u00f1os de estudio en <strong>historia y arqueolog\u00eda de Roma,\u00a0\u00a0 de arte del Renacimiento y del Barroco,<\/strong> me han regalado una nueva manera de ver el mundo. Esta experiencia es la que trasmito durante mis visitas\u00a0\u00a0 ilustradas\u00a0\u00a0 y mis lecciones sobre Roma, para hacerles revivir siglos de vidas, de arquitectura, de arte, como tambi\u00e9n de eventos pol\u00edticos, religiosos y l\u00fadicos.<\/p>\n<p style=\"text-align: justify;\">Sin embargo, mis <strong>visitas de Roma<\/strong> no son s\u00f3lo acad\u00e9micas, conmigo podr\u00e1n vivir Roma como lo hacen los romanos. Compartir\u00e9 con ustedes, sus tradiciones, costumbres, usos y diversiones.<\/p>\n<blockquote>\n<h2><\/h2>\n<h2>MIS EXCURSIONES DE ROMA SON MODELADAS PARA HACER VUESTRO SUE\u00d1O REALIDAD.<\/h2>\n<\/blockquote>\n<p>&nbsp;<\/p>\n<ul>\n<li style=\"text-align: justify;\">Mis <strong>tours privados de Roma<\/strong> tienen la profesionalidad de quien ama la historia y el arte, pero sobre todo, de una ciudad como Roma.<\/li>\n<li style=\"text-align: justify;\">Vuestra permanencia en Roma es poca, preciosa y algunas veces\u00a0\u00a0 el sue\u00f1o de una vida, por lo tanto modelar dicha visita para ustedes, ser\u00e1 mi opci\u00f3n.<\/li>\n<li style=\"text-align: justify;\">Mis <strong>excursiones en Roma <\/strong>son estudiadas en detalle para maximizar vuestra estancia en la Ciudad Eterna.<\/li>\n<li style=\"text-align: justify;\">Mis <strong>visitas de Roma <\/strong>son dise\u00f1adas para hacer realidad y enriquecer vuestro sue\u00f1o, con profesionalidad, elegancia y cari\u00f1o.<\/li>\n<li style=\"text-align: justify;\">Mis <strong>tours en Roma<\/strong> los organizo de acuerdo a las exigencias de cada cliente, que viaja solo o en familia.<\/li>\n<li style=\"text-align: justify;\">Mis <strong>excursiones en Roma<\/strong> les permitir\u00e1n caminar por los senderos de Julio Cesar, Augusto, Ner\u00f3n y participar de los juegos gladiadores y de las carreras de carros. Conmigo podr\u00e1n, adem\u00e1s comprender la ingenier\u00eda del <strong>Coliseo.<\/strong><\/li>\n<li style=\"text-align: justify;\">Con mi <strong>tour del Vaticano<\/strong> usted saltar\u00e1 colas y evitar\u00e1 el caos, para entrar en la vida oculta de Papas y Cardenales,\u00a0\u00a0 observando obras extraordinarias de artistas como Miguel Angel, Rafael y Bernini y admirando la magnificencia de la Capilla Sixtina o la majestuosidad de la Bas\u00edlica de San Pedro.<\/li>\n<li style=\"text-align: justify;\">Mis <strong>tours para familias<\/strong> son mi carta vencedora. No s\u00f3lo porque comparto con ellos mis conocimientos, sino porque lo hago en un lenguaje inmediato, f\u00e1cil, entretenido, y apasionante.<\/li>\n<\/ul>\n<p>&nbsp;<\/p>\n<h2>ESTOY ESPECIALIZADA EN DOS TOURS \u00daNICOS EN ROMA<\/h2>\n<ul>\n<li style=\"text-align: justify;\"><a href=\"https:\/\/roma-bella.com\/es\/tours\/excursion-cruceros\/\"><strong>Excursiones para cruceros<\/strong><\/a> desde Civitavecchia, para visitar Roma en 1 d\u00eda.<\/li>\n<li style=\"text-align: justify;\"><a href=\"https:\/\/roma-bella.com\/es\/tours\/roma-en-scooter\/\"><strong>Mis tours en Vespa<\/strong><\/a> que os permiten gozar Roma como hacen los romanos, pero conducidos por ch\u00f3feres expertos.<\/li>\n<\/ul><\/div>\n\t\t\t<\/div>\n\t\t\t<\/div>\n\t\t\t\t\n\t\t\t\t\n\t\t\t\t\n\t\t\t\t\n\t\t\t<\/div><div class=\"et_d4_element et_pb_row et_pb_row_1  et_pb_css_mix_blend_mode et_block_row\">\n\t\t\t\t<div class=\"et_d4_element et_pb_column_1_2 et_pb_column et_pb_column_1  et_pb_css_mix_blend_mode et_block_column\">\n\t\t\t\t\n\t\t\t\t\n\t\t\t\t\n\t\t\t\t\n\t\t\t\t<div class=\"et_pb_module et_d4_element et_pb_image et_pb_image_0 et_animated et-waypoint et_pb_has_overlay\">\n\t\t\t\t\n\t\t\t\t\n\t\t\t\t\n\t\t\t\t\n\t\t\t\t<a href=\"https:\/\/roma-bella.com\/es\/tours\/excursion-cruceros\/\"><span class=\"et_pb_image_wrap has-box-shadow-overlay\"><div class=\"box-shadow-overlay\"><\/div><img loading=\"lazy\" decoding=\"async\" width=\"800\" height=\"600\" src=\"https:\/\/roma-bella.com\/wp-content\/uploads\/2016\/03\/vatican2.jpg\" alt=\"Excursiones para cruceros\" title=\"Excursiones para cruceros\" srcset=\"https:\/\/roma-bella.com\/wp-content\/uploads\/2016\/03\/vatican2.jpg 800w, https:\/\/roma-bella.com\/wp-content\/uploads\/2016\/03\/vatican2-300x225.jpg 300w, https:\/\/roma-bella.com\/wp-content\/uploads\/2016\/03\/vatican2-768x576.jpg 768w\" sizes=\"(max-width: 800px) 100vw, 800px\" class=\"wp-image-328\" \/><span class=\"et_overlay\"><\/span><\/span><\/a>\n\t\t\t<\/div><div class=\"et_pb_module et_d4_element et_pb_text et_pb_text_1  et_pb_text_align_left et_pb_bg_layout_light\">\n\t\t\t\t\n\t\t\t\t\n\t\t\t\t\n\t\t\t\t\n\t\t\t\t<div class=\"et_pb_text_inner\"><h4>Excursiones para cruseros<\/h4><\/div>\n\t\t\t<\/div>\n\t\t\t<\/div><div class=\"et_d4_element et_pb_column_1_2 et_pb_column et_pb_column_2  et_pb_css_mix_blend_mode et-last-child et_block_column\">\n\t\t\t\t\n\t\t\t\t\n\t\t\t\t\n\t\t\t\t\n\t\t\t\t<div class=\"et_pb_module et_d4_element et_pb_image et_pb_image_1 et_animated et-waypoint et_pb_has_overlay\">\n\t\t\t\t\n\t\t\t\t\n\t\t\t\t\n\t\t\t\t\n\t\t\t\t<a href=\"https:\/\/roma-bella.com\/es\/tours\/roma-en-vespa\/\"><span class=\"et_pb_image_wrap has-box-shadow-overlay\"><div class=\"box-shadow-overlay\"><\/div><img loading=\"lazy\" decoding=\"async\" width=\"643\" height=\"484\" src=\"https:\/\/roma-bella.com\/wp-content\/uploads\/2016\/02\/clip_image0022.jpg\" alt=\"Tours en Vespa\" title=\"Tours en Vespa\" srcset=\"https:\/\/roma-bella.com\/wp-content\/uploads\/2016\/02\/clip_image0022.jpg 643w, https:\/\/roma-bella.com\/wp-content\/uploads\/2016\/02\/clip_image0022-300x226.jpg 300w\" sizes=\"(max-width: 643px) 100vw, 643px\" class=\"wp-image-397\" \/><span class=\"et_overlay\"><\/span><\/span><\/a>\n\t\t\t<\/div><div class=\"et_pb_module et_d4_element et_pb_text et_pb_text_2  et_pb_text_align_left et_pb_bg_layout_light\">\n\t\t\t\t\n\t\t\t\t\n\t\t\t\t\n\t\t\t\t\n\t\t\t\t<div class=\"et_pb_text_inner\"><h4>Mis tours en Vespa por Roma<\/h4><\/div>\n\t\t\t<\/div>\n\t\t\t<\/div>\n\t\t\t\t\n\t\t\t\t\n\t\t\t\t\n\t\t\t\t\n\t\t\t<\/div>\n\t\t\t\t\n\t\t\t\t\n\t\t\t<\/div><div class=\"et_d4_element et_pb_section et_pb_section_2 et_pb_with_background  et_pb_css_mix_blend_mode et_pb_fullwidth_section et_section_regular et_block_section\" >\n\t\t\t\t\n\t\t\t\t\n\t\t\t\t\n\t\t\t\t\n\t\t\t\t\n\t\t\t\t\n\t\t\t\t<section class=\"et_pb_module et_d4_element et_pb_fullwidth_header et_pb_fullwidth_header_0  et_pb_css_mix_blend_mode et_pb_text_align_center et_pb_bg_layout_dark\">\n\t\t\t\t\n\t\t\t\t\n\t\t\t\t\n\t\t\t\t\n\t\t\t\t<div class=\"et_pb_fullwidth_header_container center\">\n\t\t\t\t\t<div class=\"header-content-container center\">\n\t\t\t\t\t<div class=\"header-content\">\n\t\t\t\t\t\t\n\t\t\t\t\t\t<h1 class=\"et_pb_module_header\">Mis Tours<\/h1>\n\t\t\t\t\t\t\n\t\t\t\t\t\t<div class=\"et_pb_header_content_wrapper\"> <\/div>\n\t\t\t\t\t\t\n\t\t\t\t\t<\/div>\n\t\t\t\t<\/div>\n\t\t\t\t\t\n\t\t\t\t<\/div>\n\t\t\t\t<div class=\"et_pb_fullwidth_header_overlay\"><\/div>\n\t\t\t\t<div class=\"et_pb_fullwidth_header_scroll\"><\/div>\n\t\t\t<\/section><div class=\"et_pb_module et_d4_element et_pb_fullwidth_portfolio et_pb_fullwidth_portfolio_0  et_pb_css_mix_blend_mode et_pb_bg_layout_dark et_pb_fullwidth_portfolio_carousel\" data-auto-rotate=\"on\" data-auto-rotate-speed=\"4000\">\n\t\t\t\t\n\t\t\t\t\n\t\t\t\t\n\t\t\t\t\n\t\t\t\t\n\t\t\t\t<div class=\"et_pb_portfolio_items clearfix\" data-portfolio-columns=\"\">\n\t\t\t\t\t\t\t\t\t<div id=\"post-601\" class=\"et_pb_portfolio_item et_pb_grid_item et_pb_fullwidth_portfolio_item_0_0 post-601 project type-project status-publish has-post-thumbnail hentry\">\n\t\t\t\t\t\t\t\t\t\t<div class=\"et_pb_portfolio_image landscape\">\n\t\t\t\t\t\t\t<img loading=\"lazy\" decoding=\"async\" width=\"768\" height=\"576\" src=\"https:\/\/roma-bella.com\/wp-content\/uploads\/2016\/03\/capitol-768x576.jpg\" alt=\"Excursiones para cruceros\" srcset=\"https:\/\/roma-bella.com\/wp-content\/uploads\/2016\/03\/capitol.jpg 479w, https:\/\/roma-bella.com\/wp-content\/uploads\/2016\/03\/capitol-768x576.jpg 480w\" sizes=\"(max-width:479px) 479px, 100vw\" class=\"wp-image-312\" \/>\t\t\t\t\t\t\t<div class=\"meta\">\n\t\t\t\t\t\t\t<a href=\"https:\/\/roma-bella.com\/es\/project\/excursiones-para-cruceros\/\">\n\t\t\t\t\t\t\t<span class=\"et_overlay\"><\/span><h3 class=\"et_pb_module_header\">Excursiones para cruceros<\/h3><p class=\"post-meta et_multi_view_hidden\">8th junio 2016<\/p>\t\t\t\t\t\t\t\t<\/a>\n\t\t\t\t\t\t\t<\/div>\n\t\t\t\t\t\t<\/div>\n\t\t\t\t\t\t\t\t<\/div>\n\t\t\t\t\t\t\t\t<div id=\"post-599\" class=\"et_pb_portfolio_item et_pb_grid_item et_pb_fullwidth_portfolio_item_0_1 post-599 project type-project status-publish has-post-thumbnail hentry\">\n\t\t\t\t\t\t\t\t\t\t<div class=\"et_pb_portfolio_image landscape\">\n\t\t\t\t\t\t\t<img loading=\"lazy\" decoding=\"async\" width=\"768\" height=\"576\" src=\"https:\/\/roma-bella.com\/wp-content\/uploads\/2016\/03\/FORO-ROMANO-768x576.jpg\" alt=\"Excursi\u00f3n un d\u00eda\" srcset=\"https:\/\/roma-bella.com\/wp-content\/uploads\/2016\/03\/FORO-ROMANO.jpg 479w, https:\/\/roma-bella.com\/wp-content\/uploads\/2016\/03\/FORO-ROMANO-768x576.jpg 480w\" sizes=\"(max-width:479px) 479px, 100vw\" class=\"wp-image-422\" \/>\t\t\t\t\t\t\t<div class=\"meta\">\n\t\t\t\t\t\t\t<a href=\"https:\/\/roma-bella.com\/es\/project\/excursion-un-dia\/\">\n\t\t\t\t\t\t\t<span class=\"et_overlay\"><\/span><h3 class=\"et_pb_module_header\">Excursi\u00f3n un d\u00eda<\/h3><p class=\"post-meta et_multi_view_hidden\">8th junio 2016<\/p>\t\t\t\t\t\t\t\t<\/a>\n\t\t\t\t\t\t\t<\/div>\n\t\t\t\t\t\t<\/div>\n\t\t\t\t\t\t\t\t<\/div>\n\t\t\t\t\t\t\t\t<div id=\"post-597\" class=\"et_pb_portfolio_item et_pb_grid_item et_pb_fullwidth_portfolio_item_0_2 post-597 project type-project status-publish has-post-thumbnail hentry\">\n\t\t\t\t\t\t\t\t\t\t<div class=\"et_pb_portfolio_image landscape\">\n\t\t\t\t\t\t\t<img loading=\"lazy\" decoding=\"async\" width=\"768\" height=\"576\" src=\"https:\/\/roma-bella.com\/wp-content\/uploads\/2016\/02\/colosseum-1-768x576.jpg\" alt=\"Coliseo y Roma antigua\" srcset=\"https:\/\/roma-bella.com\/wp-content\/uploads\/2016\/02\/colosseum-1.jpg 479w, https:\/\/roma-bella.com\/wp-content\/uploads\/2016\/02\/colosseum-1-768x576.jpg 480w\" sizes=\"(max-width:479px) 479px, 100vw\" class=\"wp-image-345\" \/>\t\t\t\t\t\t\t<div class=\"meta\">\n\t\t\t\t\t\t\t<a href=\"https:\/\/roma-bella.com\/es\/project\/coliseo-y-roma-antigua\/\">\n\t\t\t\t\t\t\t<span class=\"et_overlay\"><\/span><h3 class=\"et_pb_module_header\">Coliseo y Roma antigua<\/h3><p class=\"post-meta et_multi_view_hidden\">8th junio 2016<\/p>\t\t\t\t\t\t\t\t<\/a>\n\t\t\t\t\t\t\t<\/div>\n\t\t\t\t\t\t<\/div>\n\t\t\t\t\t\t\t\t<\/div>\n\t\t\t\t\t\t\t\t<div id=\"post-595\" class=\"et_pb_portfolio_item et_pb_grid_item et_pb_fullwidth_portfolio_item_0_3 post-595 project type-project status-publish has-post-thumbnail hentry\">\n\t\t\t\t\t\t\t\t\t\t<div class=\"et_pb_portfolio_image landscape\">\n\t\t\t\t\t\t\t<img loading=\"lazy\" decoding=\"async\" width=\"768\" height=\"576\" src=\"https:\/\/roma-bella.com\/wp-content\/uploads\/2016\/03\/vatican2-768x576.jpg\" alt=\"Ciudad del Vaticano\" srcset=\"https:\/\/roma-bella.com\/wp-content\/uploads\/2016\/03\/vatican2.jpg 479w, https:\/\/roma-bella.com\/wp-content\/uploads\/2016\/03\/vatican2-768x576.jpg 480w\" sizes=\"(max-width:479px) 479px, 100vw\" class=\"wp-image-328\" \/>\t\t\t\t\t\t\t<div class=\"meta\">\n\t\t\t\t\t\t\t<a href=\"https:\/\/roma-bella.com\/es\/project\/ciudad-del-vaticano\/\">\n\t\t\t\t\t\t\t<span class=\"et_overlay\"><\/span><h3 class=\"et_pb_module_header\">Ciudad del Vaticano<\/h3><p class=\"post-meta et_multi_view_hidden\">8th junio 2016<\/p>\t\t\t\t\t\t\t\t<\/a>\n\t\t\t\t\t\t\t<\/div>\n\t\t\t\t\t\t<\/div>\n\t\t\t\t\t\t\t\t<\/div>\n\t\t\t\t\t\t\t\t<div id=\"post-591\" class=\"et_pb_portfolio_item et_pb_grid_item et_pb_fullwidth_portfolio_item_0_4 post-591 project type-project status-publish has-post-thumbnail hentry\">\n\t\t\t\t\t\t\t\t\t\t<div class=\"et_pb_portfolio_image landscape\">\n\t\t\t\t\t\t\t<img loading=\"lazy\" decoding=\"async\" width=\"643\" height=\"484\" src=\"https:\/\/roma-bella.com\/wp-content\/uploads\/2016\/02\/clip_image0022.jpg\" alt=\"Scooter Tour\" srcset=\"https:\/\/roma-bella.com\/wp-content\/uploads\/2016\/02\/clip_image0022.jpg 479w, https:\/\/roma-bella.com\/wp-content\/uploads\/2016\/02\/clip_image0022.jpg 480w\" sizes=\"(max-width:479px) 479px, 100vw\" class=\"wp-image-397\" \/>\t\t\t\t\t\t\t<div class=\"meta\">\n\t\t\t\t\t\t\t<a href=\"https:\/\/roma-bella.com\/es\/project\/scooter-tour\/\">\n\t\t\t\t\t\t\t<span class=\"et_overlay\"><\/span><h3 class=\"et_pb_module_header\">Scooter Tour<\/h3><p class=\"post-meta et_multi_view_hidden\">8th junio 2016<\/p>\t\t\t\t\t\t\t\t<\/a>\n\t\t\t\t\t\t\t<\/div>\n\t\t\t\t\t\t<\/div>\n\t\t\t\t\t\t\t\t<\/div>\n\t\t\t\t\t\t\t\t<div id=\"post-588\" class=\"et_pb_portfolio_item et_pb_grid_item et_pb_fullwidth_portfolio_item_0_5 post-588 project type-project status-publish has-post-thumbnail hentry\">\n\t\t\t\t\t\t\t\t\t\t<div class=\"et_pb_portfolio_image landscape\">\n\t\t\t\t\t\t\t<img loading=\"lazy\" decoding=\"async\" width=\"400\" height=\"300\" src=\"https:\/\/roma-bella.com\/wp-content\/uploads\/2016\/02\/CARAVAGGIO-PAMPHILI.jpg\" alt=\"Museos de Roma\" srcset=\"https:\/\/roma-bella.com\/wp-content\/uploads\/2016\/02\/CARAVAGGIO-PAMPHILI.jpg 479w, https:\/\/roma-bella.com\/wp-content\/uploads\/2016\/02\/CARAVAGGIO-PAMPHILI.jpg 480w\" sizes=\"(max-width:479px) 479px, 100vw\" class=\"wp-image-408\" \/>\t\t\t\t\t\t\t<div class=\"meta\">\n\t\t\t\t\t\t\t<a href=\"https:\/\/roma-bella.com\/es\/project\/museos-de-roma\/\">\n\t\t\t\t\t\t\t<span class=\"et_overlay\"><\/span><h3 class=\"et_pb_module_header\">Museos de Roma<\/h3><p class=\"post-meta et_multi_view_hidden\">8th junio 2016<\/p>\t\t\t\t\t\t\t\t<\/a>\n\t\t\t\t\t\t\t<\/div>\n\t\t\t\t\t\t<\/div>\n\t\t\t\t\t\t\t\t<\/div>\n\t\t\t\t\n\t\t\t\t<\/div>\n\t\t\t<\/div>\n\t\t\t\t\n\t\t\t\t\n\t\t\t<\/div><\/p>\n","protected":false},"excerpt":{"rendered":"","protected":false},"author":1,"featured_media":0,"parent":0,"menu_order":0,"comment_status":"closed","ping_status":"closed","template":"","meta":{"om_disable_all_campaigns":false,"_monsterinsights_skip_tracking":false,"_monsterinsights_sitenote_active":false,"_monsterinsights_sitenote_note":"","_monsterinsights_sitenote_category":0,"_et_pb_use_builder":"on","_et_pb_old_content":"","_et_gb_content_width":"","footnotes":""},"class_list":["post-504","page","type-page","status-publish","hentry"],"aioseo_notices":[],"_links":{"self":[{"href":"https:\/\/roma-bella.com\/es\/wp-json\/wp\/v2\/pages\/504","targetHints":{"allow":["GET"]}}],"collection":[{"href":"https:\/\/roma-bella.com\/es\/wp-json\/wp\/v2\/pages"}],"about":[{"href":"https:\/\/roma-bella.com\/es\/wp-json\/wp\/v2\/types\/page"}],"author":[{"embeddable":true,"href":"https:\/\/roma-bella.com\/es\/wp-json\/wp\/v2\/users\/1"}],"replies":[{"embeddable":true,"href":"https:\/\/roma-bella.com\/es\/wp-json\/wp\/v2\/comments?post=504"}],"version-history":[{"count":19,"href":"https:\/\/roma-bella.com\/es\/wp-json\/wp\/v2\/pages\/504\/revisions"}],"predecessor-version":[{"id":1213,"href":"https:\/\/roma-bella.com\/es\/wp-json\/wp\/v2\/pages\/504\/revisions\/1213"}],"wp:attachment":[{"href":"https:\/\/roma-bella.com\/es\/wp-json\/wp\/v2\/media?parent=504"}],"curies":[{"name":"wp","href":"https:\/\/api.w.org\/{rel}","templated":true}]}}